{"id":2964,"date":"2025-07-07T10:36:32","date_gmt":"2025-07-07T08:36:32","guid":{"rendered":"https:\/\/test.pharmadiet.com\/?page_id=2964"},"modified":"2025-12-05T17:32:05","modified_gmt":"2025-12-05T16:32:05","slug":"politica-de-privacidade","status":"publish","type":"page","link":"https:\/\/pharmadiet.com\/pt\/politica-de-privacidade\/","title":{"rendered":"Pol\u00edtica de Privacidade"},"content":{"rendered":"\t\t<div data-elementor-type=\"wp-page\" data-elementor-id=\"2964\" class=\"elementor elementor-2964\" data-elementor-post-type=\"page\">\n\t\t\t\t<div class=\"elementor-element elementor-element-05e2502 e-flex e-con-boxed e-con e-parent\" data-id=\"05e2502\" data-element_type=\"container\">\n\t\t\t\t\t<div class=\"e-con-inner\">\n\t\t\t\t<div class=\"elementor-element elementor-element-420027c elementor-widget elementor-widget-heading\" data-id=\"420027c\" data-element_type=\"widget\" data-widget_type=\"heading.default\">\n\t\t\t\t\t<h2 class=\"elementor-heading-title elementor-size-default\">Pol\u00edtica de privacidad\n<\/h2>\t\t\t\t<\/div>\n\t\t\t\t<div class=\"elementor-element elementor-element-23f39cf elementor-widget elementor-widget-text-editor\" data-id=\"23f39cf\" data-element_type=\"widget\" data-widget_type=\"text-editor.default\">\n\t\t\t\t\t\t\t\t\t\u00bfQUI\u00c9N ES EL RESPONSABLE DEL TRATAMIENTO DE TUS DATOS?\t\t\t\t\t\t\t\t<\/div>\n\t\t\t\t<div class=\"elementor-element elementor-element-de65c7c elementor-widget elementor-widget-text-editor\" data-id=\"de65c7c\" data-element_type=\"widget\" data-widget_type=\"text-editor.default\">\n\t\t\t\t\t\t\t\t\t<p><strong>Identidad<\/strong>: OPKO HEALTH SPAIN, S.L.U. (en adelante, \u201c<strong>OPKO<\/strong>\u201d)<br \/><strong>CIF<\/strong>: B-59150904.<br \/><strong>Domicilio<\/strong>: Pla\u00e7a d\u2019Europa, 13-15, L\u2019Hospitalet del Llobregat (08908 Barcelona)<\/p>\t\t\t\t\t\t\t\t<\/div>\n\t\t\t\t<div class=\"elementor-element elementor-element-fc926ba elementor-widget elementor-widget-text-editor\" data-id=\"fc926ba\" data-element_type=\"widget\" data-widget_type=\"text-editor.default\">\n\t\t\t\t\t\t\t\t\t<p>FINALIDADES DEL TRATAMIENTO DE LOS DATOS Y CATEGOR\u00cdAS DE DATOS TRATADOS<\/p>\t\t\t\t\t\t\t\t<\/div>\n\t\t\t\t<div class=\"elementor-element elementor-element-e6d2b3a elementor-widget elementor-widget-text-editor\" data-id=\"e6d2b3a\" data-element_type=\"widget\" data-widget_type=\"text-editor.default\">\n\t\t\t\t\t\t\t\t\t<h3><strong>\u00bfCon qu\u00e9 finalidad y durante cu\u00e1nto tiempo trataremos sus datos personales?<\/strong><\/h3><p>Sus datos personales se tratar\u00e1n por OPKO conforme a las siguientes finalidades:<\/p><ul><li><p>Llevar a cabo la venta o promoci\u00f3n de nuestros productos y el mantenimiento y la gesti\u00f3n de la relaci\u00f3n contractual. Los datos ser\u00e1n conservados con ese fin durante todo el tiempo en que el contrato est\u00e9 vigente y, una vez finalizada, durante el plazo prescripci\u00f3n de las eventuales responsabilidades derivadas del contrato.<\/p><\/li><li><p>Gestionar el env\u00edo de comunicaciones comerciales de OPKO relacionadas con las finalidades indicadas m\u00e1s arriba, por medios electr\u00f3nicos y\/o convencionales, que conservaremos<br \/>mientras no nos indique lo contrario marcando las casillas correspondientes o en su caso, se oponga o revoque su consentimiento.<\/p><\/li><\/ul><h3><strong>\u00bfQu\u00e9 categor\u00edas de datos tratamos?<\/strong><\/h3><p>OPKO trata las siguientes categor\u00edas de datos:<\/p><ul><li><p>Datos identificativos: nombre, apellidos, DNI, direcci\u00f3n postal, direcci\u00f3n de correo electr\u00f3nico.<\/p><\/li><li><p>Datos de caracter\u00edsticas personales (cargo y empresa)<\/p><\/li><li><p>Datos de informaci\u00f3n comercial.<\/p><\/li><li><p>Datos econ\u00f3micos, financieros o de seguros.<\/p><\/li><\/ul><p>Los datos personales solicitados son obligatorios, de tal forma que, la negativa a suministrarlos supondr\u00e1 la imposibilidad de llevar a cabo la prestaci\u00f3n de los servicios contratados.<\/p>\t\t\t\t\t\t\t\t<\/div>\n\t\t\t\t<div class=\"elementor-element elementor-element-afb1f14 elementor-widget elementor-widget-text-editor\" data-id=\"afb1f14\" data-element_type=\"widget\" data-widget_type=\"text-editor.default\">\n\t\t\t\t\t\t\t\t\t<p>\u00bfCU\u00c1L ES LA LEGITIMACI\u00d3N PARA EL TRATAMIENTO DE TUS DATOS?<\/p>\t\t\t\t\t\t\t\t<\/div>\n\t\t\t\t<div class=\"elementor-element elementor-element-c786fcd elementor-widget elementor-widget-text-editor\" data-id=\"c786fcd\" data-element_type=\"widget\" data-widget_type=\"text-editor.default\">\n\t\t\t\t\t\t\t\t\t<p>La legitimaci\u00f3n para el tratamiento de sus datos por OPKO es la relaci\u00f3n comercial que mantenemos y, en su caso, la correcta ejecuci\u00f3n del contrato solicitado, no siendo posible su<br \/>cumplimiento en caso contrario.<\/p><p>Por otra parte, la legitimaci\u00f3n para el env\u00edo de comunicaciones comerciales sobre productos y servicios similares a los que fueron objeto de contrataci\u00f3n est\u00e1 basada en el consentimiento que nos concedi\u00f3 y que se le solicita que confirme ahora, en el bien entendido que puede retirarlo en cualquier momento, todo ello cuando el tratamiento no pueda basarse en el inter\u00e9s leg\u00edtimo. No obstante, en caso de retirar tu consentimiento, ello no afectar\u00e1 a la licitud de los tratamientos efectuados con anterioridad.<\/p><p>Los consentimientos obtenidos para las finalidades mencionadas son independientes, por lo que podr\u00e1 revocar uno o varios de ellos, no afectando a los dem\u00e1s.<\/p>\t\t\t\t\t\t\t\t<\/div>\n\t\t\t\t<div class=\"elementor-element elementor-element-1a22c6d elementor-widget elementor-widget-text-editor\" data-id=\"1a22c6d\" data-element_type=\"widget\" data-widget_type=\"text-editor.default\">\n\t\t\t\t\t\t\t\t\t<p>\u00bfA QU\u00c9 DESTINATARIOS SE COMUNICAR\u00c1N SUS DATOS?<\/p>\t\t\t\t\t\t\t\t<\/div>\n\t\t\t\t<div class=\"elementor-element elementor-element-63e2185 elementor-widget elementor-widget-text-editor\" data-id=\"63e2185\" data-element_type=\"widget\" data-widget_type=\"text-editor.default\">\n\t\t\t\t\t\t\t\t\t<p>Sus datos podr\u00e1n ser comunicados a:<\/p><ul><li><p>Las Administraciones P\u00fablicas en los casos previstos por la Ley.<\/p><\/li><li><p>Las Fuerzas y Cuerpos de Seguridad del Estado y al Centro Nacional de Inteligencia en virtud de lo establecido en la Ley.<\/p><\/li><li><p>Los Bancos y entidades financieras para el cobro de los servicios ofrecidos.<\/p><\/li><li><p>Otras empresas del grupo empresarial, de nacionalidad espa\u00f1ola, para fines administrativos internos y la gesti\u00f3n de los productos y servicios contratados.<\/p><\/li><\/ul>\t\t\t\t\t\t\t\t<\/div>\n\t\t\t\t<div class=\"elementor-element elementor-element-8b1dbf5 elementor-widget elementor-widget-text-editor\" data-id=\"8b1dbf5\" data-element_type=\"widget\" data-widget_type=\"text-editor.default\">\n\t\t\t\t\t\t\t\t\t<p>\u00bfCU\u00c1LES SON SUS DERECHOS?<\/p>\t\t\t\t\t\t\t\t<\/div>\n\t\t\t\t<div class=\"elementor-element elementor-element-fce309c elementor-widget elementor-widget-text-editor\" data-id=\"fce309c\" data-element_type=\"widget\" data-widget_type=\"text-editor.default\">\n\t\t\t\t\t\t\t\t\t<p>Puede enviarnos un escrito a OPKO HEALTH SPAIN, S.L.U., Pla\u00e7a d\u2019Europa, 13-15, L\u2019Hospitalet del Llobregat (08908 Barcelona), o al a direcci\u00f3n de correo <a href=\"mailto:electr\u00f3nico\ufffcProteccionDeDatos.Spain@opko.com\">electr\u00f3nico<br \/>ProteccionDeDatos.Spain@opko.com<\/a>, con la Referencia\u00a0<strong>\u201cProtecci\u00f3n de Datos<\/strong>\u201d, adjuntando fotocopia de su documento de identidad, para ejercitar, en cualquier momento y de manera gratuita, los siguientes derechos:<\/p><ul><li><p>Revocar los consentimientos otorgados.<\/p><\/li><li><p>Obtener confirmaci\u00f3n acerca de si en OPKO se est\u00e1n tratando datos personales que le<br \/>conciernen o no.<\/p><\/li><li><p>Acceder a sus datos personales.<\/p><\/li><li><p>Rectificar los datos inexactos o incompletos.<\/p><\/li><li><p>Solicitar la supresi\u00f3n de sus datos cuando, entre otros motivos, los datos ya no sean necesarios para los fines que fueron recogidos.<\/p><\/li><li><p>Obtener de OPKO la limitaci\u00f3n del tratamiento de los datos cuando se cumpla alguna de las condiciones previstas en la normativa de protecci\u00f3n de datos.<\/p><\/li><li><p>Oponerse al tratamiento de sus datos. OPKO dejar\u00e1 de tratar los datos, salvo por motivos leg\u00edtimos imperiosos o el ejercicio o la defensa de posibles reclamaciones.<\/p><\/li><li><p>Solicitar la portabilidad de tus datos.<\/p><\/li><li><p>Interponer una reclamaci\u00f3n relativa a la protecci\u00f3n de sus datos personales ante la Agencia Espa\u00f1ola de Protecci\u00f3n de Datos (por correo postal, a trav\u00e9s de los registros de las Administraciones p\u00fablicas, o utilizando la sede electr\u00f3nica de la agencia (<a href=\"http:\/\/sedeagpd.gob.es\/sede-electronica-web\/\">http:\/\/sedeagpd.gob.es\/sede-electronica-web\/<\/a>). Para m\u00e1s informaci\u00f3n visite <a href=\"https:\/\/sedeagpd.gob.es\/sede-electronica-web\/vistas\/infoSede\/detallePreguntaFAQ.jsf?idPregunta=FAQ%2F00219\">https:\/\/sedeagpd.gob.es\/sede-electronica-web\/vistas\/infoSede\/detallePreguntaFAQ.jsf?idPregunta=FAQ%2F00219<\/a><\/p><\/li><\/ul>\t\t\t\t\t\t\t\t<\/div>\n\t\t\t\t\t<\/div>\n\t\t\t\t<\/div>\n\t\t\t\t<\/div>\n\t\t","protected":false},"excerpt":{"rendered":"<p>Pol\u00edtica de privacidad \u00bfQUI\u00c9N ES EL RESPONSABLE DEL TRATAMIENTO DE TUS DATOS? Identidad: OPKO HEALTH SPAIN, S.L.U. (en adelante, \u201cOPKO\u201d)CIF: [&hellip;]<\/p>\n","protected":false},"author":1,"featured_media":0,"parent":0,"menu_order":0,"comment_status":"closed","ping_status":"closed","template":"","meta":{"_acf_changed":false,"site-sidebar-layout":"no-sidebar","site-content-layout":"","ast-site-content-layout":"full-width-container","site-content-style":"default","site-sidebar-style":"default","ast-global-header-display":"","ast-banner-title-visibility":"","ast-main-header-display":"","ast-hfb-above-header-display":"","ast-hfb-below-header-display":"","ast-hfb-mobile-header-display":"","site-post-title":"disabled","ast-breadcrumbs-content":"","ast-featured-img":"disabled","footer-sml-layout":"","theme-transparent-header-meta":"default","adv-header-id-meta":"","stick-header-meta":"","header-above-stick-meta":"","header-main-stick-meta":"","header-below-stick-meta":"","astra-migrate-meta-layouts":"set","ast-page-background-enabled":"default","ast-page-background-meta":{"desktop":{"background-color":"var(--ast-global-color-5)","background-image":"","background-repeat":"repeat","background-position":"center center","background-size":"auto","background-attachment":"scroll","background-type":"","background-media":"","overlay-type":"","overlay-color":"","overlay-opacity":"","overlay-gradient":""},"tablet":{"background-color":"","background-image":"","background-repeat":"repeat","background-position":"center center","background-size":"auto","background-attachment":"scroll","background-type":"","background-media":"","overlay-type":"","overlay-color":"","overlay-opacity":"","overlay-gradient":""},"mobile":{"background-color":"","background-image":"","background-repeat":"repeat","background-position":"center center","background-size":"auto","background-attachment":"scroll","background-type":"","background-media":"","overlay-type":"","overlay-color":"","overlay-opacity":"","overlay-gradient":""}},"ast-content-background-meta":{"desktop":{"background-color":"var(--ast-global-color-4)","background-image":"","background-repeat":"repeat","background-position":"center center","background-size":"auto","background-attachment":"scroll","background-type":"","background-media":"","overlay-type":"","overlay-color":"","overlay-opacity":"","overlay-gradient":""},"tablet":{"background-color":"var(--ast-global-color-4)","background-image":"","background-repeat":"repeat","background-position":"center center","background-size":"auto","background-attachment":"scroll","background-type":"","background-media":"","overlay-type":"","overlay-color":"","overlay-opacity":"","overlay-gradient":""},"mobile":{"background-color":"var(--ast-global-color-4)","background-image":"","background-repeat":"repeat","background-position":"center center","background-size":"auto","background-attachment":"scroll","background-type":"","background-media":"","overlay-type":"","overlay-color":"","overlay-opacity":"","overlay-gradient":""}},"footnotes":""},"class_list":["post-2964","page","type-page","status-publish","hentry"],"acf":[],"_links":{"self":[{"href":"https:\/\/pharmadiet.com\/pt\/wp-json\/wp\/v2\/pages\/2964","targetHints":{"allow":["GET"]}}],"collection":[{"href":"https:\/\/pharmadiet.com\/pt\/wp-json\/wp\/v2\/pages"}],"about":[{"href":"https:\/\/pharmadiet.com\/pt\/wp-json\/wp\/v2\/types\/page"}],"author":[{"embeddable":true,"href":"https:\/\/pharmadiet.com\/pt\/wp-json\/wp\/v2\/users\/1"}],"replies":[{"embeddable":true,"href":"https:\/\/pharmadiet.com\/pt\/wp-json\/wp\/v2\/comments?post=2964"}],"version-history":[{"count":20,"href":"https:\/\/pharmadiet.com\/pt\/wp-json\/wp\/v2\/pages\/2964\/revisions"}],"predecessor-version":[{"id":17462,"href":"https:\/\/pharmadiet.com\/pt\/wp-json\/wp\/v2\/pages\/2964\/revisions\/17462"}],"wp:attachment":[{"href":"https:\/\/pharmadiet.com\/pt\/wp-json\/wp\/v2\/media?parent=2964"}],"curies":[{"name":"wp","href":"https:\/\/api.w.org\/{rel}","templated":true}]}}