{"id":281,"date":"2025-05-22T12:21:19","date_gmt":"2025-05-22T10:21:19","guid":{"rendered":"https:\/\/pharmadiet01.test\/?page_id=281"},"modified":"2026-01-27T08:41:47","modified_gmt":"2026-01-27T07:41:47","slug":"productos","status":"publish","type":"page","link":"https:\/\/pharmadiet.com\/pt\/productos\/","title":{"rendered":"Productos"},"content":{"rendered":"\t\t<div data-elementor-type=\"wp-page\" data-elementor-id=\"281\" class=\"elementor elementor-281\" data-elementor-post-type=\"page\">\n\t\t\t\t<div class=\"elementor-element elementor-element-5da8a4ba e-flex e-con-boxed e-con e-parent\" data-id=\"5da8a4ba\" data-element_type=\"container\" data-settings=\"{&quot;background_background&quot;:&quot;classic&quot;}\">\n\t\t\t\t\t<div class=\"e-con-inner\">\n\t\t<div class=\"elementor-element elementor-element-a308922 e-con-full e-flex e-con e-child\" data-id=\"a308922\" data-element_type=\"container\">\n\t\t\t\t<div class=\"elementor-element elementor-element-67c9b3b3 elementor-widget elementor-widget-text-editor\" data-id=\"67c9b3b3\" data-element_type=\"widget\" data-widget_type=\"text-editor.default\">\n\t\t\t\t\t\t\t\t\t<p>Nutrac\u00eauticos para a <span style=\"color: #86b918;\">sa\u00fade e o bem-estar<\/span> dos animais de companhia<\/p>\t\t\t\t\t\t\t\t<\/div>\n\t\t\t\t<div class=\"elementor-element elementor-element-53f6b3cd elementor-widget elementor-widget-text-editor\" data-id=\"53f6b3cd\" data-element_type=\"widget\" data-widget_type=\"text-editor.default\">\n\t\t\t\t\t\t\t\t\t<p>Suplementos alimentares concebidos para cuidar dos animais de companhia, com um forte compromisso com os m\u00e9dicos veterin\u00e1rios e os tutores. Solu\u00e7\u00f5es inovadoras com f\u00f3rmulas \u00fanicas e completas, baseadas em ingredientes de origem natural.<\/p>\t\t\t\t\t\t\t\t<\/div>\n\t\t\t\t<\/div>\n\t\t<div class=\"elementor-element elementor-element-5ddc7ca e-con-full e-flex e-con e-child\" data-id=\"5ddc7ca\" data-element_type=\"container\">\n\t\t\t\t<div class=\"elementor-element elementor-element-f371b23 elementor-widget elementor-widget-image\" data-id=\"f371b23\" data-element_type=\"widget\" data-widget_type=\"image.default\">\n\t\t\t\t\t\t\t\t\t\t\t\t\t\t\t<img decoding=\"async\" width=\"207\" height=\"165\" src=\"https:\/\/pharmadiet.com\/pt\/wp-content\/uploads\/2025\/06\/Group-11.png\" class=\"attachment-large size-large wp-image-447\" alt=\"pharmadiet\" srcset=\"https:\/\/pharmadiet.com\/pt\/wp-content\/uploads\/2025\/06\/Group-11.png 207w, https:\/\/pharmadiet.com\/pt\/wp-content\/uploads\/2025\/06\/Group-11-15x12.png 15w\" sizes=\"(max-width: 207px) 100vw, 207px\" \/>\t\t\t\t\t\t\t\t\t\t\t\t\t\t\t<\/div>\n\t\t\t\t<\/div>\n\t\t\t\t\t<\/div>\n\t\t\t\t<\/div>\n\t\t<div class=\"elementor-element elementor-element-37def1a6 e-flex e-con-boxed e-con e-parent\" data-id=\"37def1a6\" data-element_type=\"container\">\n\t\t\t\t\t<div class=\"e-con-inner\">\n\t\t<div class=\"elementor-element elementor-element-708c534c e-con-full e-grid elementor-hidden-tablet elementor-hidden-mobile e-con e-child\" data-id=\"708c534c\" data-element_type=\"container\">\n\t\t\t\t<div class=\"elementor-element elementor-element-dc2c466 elementor-widget__width-inherit elementor-widget elementor-widget-woocommerce-breadcrumb\" data-id=\"dc2c466\" data-element_type=\"widget\" data-widget_type=\"woocommerce-breadcrumb.default\">\n\t\t\t\t\t<nav class=\"woocommerce-breadcrumb\" aria-label=\"Breadcrumb\">In\u00edcio<\/nav>\t\t\t\t<\/div>\n\t\t\t\t<\/div>\n\t\t\t\t\t<\/div>\n\t\t\t\t<\/div>\n\t\t<div class=\"elementor-element elementor-element-5bd67f1 e-flex e-con-boxed e-con e-parent\" data-id=\"5bd67f1\" data-element_type=\"container\">\n\t\t\t\t\t<div class=\"e-con-inner\">\n\t\t<div class=\"elementor-element elementor-element-f997ed1 e-con-full e-grid e-con e-child\" data-id=\"f997ed1\" data-element_type=\"container\">\n\t\t<div class=\"elementor-element elementor-element-0f00bcd e-con-full e-flex e-con e-child\" data-id=\"0f00bcd\" data-element_type=\"container\">\n\t\t\t\t<div class=\"elementor-element elementor-element-8757a97 elementor-widget elementor-widget-facetwp-facet\" data-id=\"8757a97\" data-element_type=\"widget\" data-widget_type=\"facetwp-facet.default\">\n\t\t\t\t<div class=\"elementor-widget-container\">\n\t\t\t\t\t\n        <div class=\"facet-wrap\">\n                            <span>\n                    Filtro:                <\/span>\n                        <div class=\"facetwp-facet facetwp-facet-reset_button facetwp-type-reset\" data-name=\"reset_button\" data-type=\"reset\"><\/div>        <\/div>\n\n        \t\t\t\t<\/div>\n\t\t\t\t<\/div>\n\t\t\t\t<div class=\"elementor-element elementor-element-5f0b510 elementor-widget elementor-widget-facetwp-facet\" data-id=\"5f0b510\" data-element_type=\"widget\" data-widget_type=\"facetwp-facet.default\">\n\t\t\t\t<div class=\"elementor-widget-container\">\n\t\t\t\t\t\n        <div class=\"facet-wrap\">\n                            <h3>\n                    Animais                <\/h3>\n                        <div class=\"facetwp-facet facetwp-facet-animales_productos facetwp-type-checkboxes\" data-name=\"animales_productos\" data-type=\"checkboxes\"><\/div>        <\/div>\n\n        \t\t\t\t<\/div>\n\t\t\t\t<\/div>\n\t\t\t\t<div class=\"elementor-element elementor-element-98facd6 elementor-widget elementor-widget-facetwp-facet\" data-id=\"98facd6\" data-element_type=\"widget\" data-widget_type=\"facetwp-facet.default\">\n\t\t\t\t<div class=\"elementor-widget-container\">\n\t\t\t\t\t\n        <div class=\"facet-wrap\">\n                            <h3>\n                    Contribui para um desenvolvimento saud\u00e1vel                <\/h3>\n                        <div class=\"facetwp-facet facetwp-facet-categorias_productos facetwp-type-checkboxes\" data-name=\"categorias_productos\" data-type=\"checkboxes\"><\/div>        <\/div>\n\n        \t\t\t\t<\/div>\n\t\t\t\t<\/div>\n\t\t\t\t<\/div>\n\t\t\t\t<\/div>\n\t\t<div class=\"elementor-element elementor-element-b46f4b6 e-con-full e-flex e-con e-child\" data-id=\"b46f4b6\" data-element_type=\"container\">\n\t\t\t\t<div class=\"facetwp-template facetwp-elementor-widget elementor-element elementor-element-b7fab66 premium-woo-product-align-left elementor-widget elementor-widget-premium-woo-products\" data-id=\"b7fab66\" data-element_type=\"widget\" data-widget_type=\"premium-woo-products.grid-1\">\n\t\t\t\t<div class=\"elementor-widget-container\">\n\t\t\t\t\t<div class=\"premium-woocommerce premium-woo-products-grid premium-woo-skin-grid-1 premium-woo-query-all\" data-page-id=\"281\" data-skin=\"grid_1\" data-quick-view=\"\"><div class=\"premium-woo-products-inner\"><ul class=\"products columns-4\">\n\n<li class=\" post-273 product first instock shipping-taxable product-type-simple\">\n\t<div class=\"premium-woo-product-wrapper premium-con-lq__none\">\n\t\t<div class=\"premium-woo-product-thumbnail\"><a href=\"https:\/\/pharmadiet.com\/pt\/productos\/aloevet\/\" class=\"woocommerce-LoopProduct-link woocommerce-loop-product__link\"><img decoding=\"async\" src=\"https:\/\/pharmadiet.com\/pt\/wp-content\/uploads\/2025\/05\/PHARMADIET-salud-dermica-producto-Aloevet.jpeg\" alt=\"\"><\/a><\/div><div class=\"premium-woo-products-details-wrap\"><a href=\"https:\/\/pharmadiet.com\/pt\/productos\/aloevet\/\" class=\"premium-woo-product__link\"><h2 class=\"woocommerce-loop-product__title\">Aloevet\u00ae<\/h2><\/a>\t\t\t<span class=\"premium-woo-product-category\">\n\t\t\t\tSa\u00fade d\u00e9rmica\t\t\t<\/span>\n\t\t\t<div class=\"premium-woo-product-desc\">Gel de uso t\u00f3pico, hidratante, indicado para a prote\u00e7\u00e3o de pequenas les\u00f5es na pele, em extremidades e \u00e1reas especialmente sens\u00edveis como almofadas plantares, cotovelos, trufa e focinho.<\/div><\/div>\t<\/div>\n<\/li>\n\n<li class=\" post-3409 product  instock shipping-taxable product-type-simple\">\n\t<div class=\"premium-woo-product-wrapper premium-con-lq__none\">\n\t\t<div class=\"premium-woo-product-thumbnail\"><a href=\"https:\/\/pharmadiet.com\/pt\/productos\/calmatonine-xr\/\" class=\"woocommerce-LoopProduct-link woocommerce-loop-product__link\"><img decoding=\"async\" src=\"https:\/\/pharmadiet.com\/pt\/wp-content\/uploads\/2025\/07\/PHARMADIET-salud-cognitiva-producto-Calmatonine-bicapa2.png\" alt=\"\"><\/a><\/div><div class=\"premium-woo-products-details-wrap\"><a href=\"https:\/\/pharmadiet.com\/pt\/productos\/calmatonine-xr\/\" class=\"premium-woo-product__link\"><h2 class=\"woocommerce-loop-product__title\">Calmatonine\u00ae XR<\/h2><\/a>\t\t\t<span class=\"premium-woo-product-category\">\n\t\t\t\tsa\u00fade comportamental\t\t\t<\/span>\n\t\t\t<div class=\"premium-woo-product-desc\">Alimento complementar com nutrientes que ajudam a manter um comportamento adequado no animal de estima\u00e7\u00e3o.<\/div><\/div>\t<\/div>\n<\/li>\n\n<li class=\" post-3535 product  instock shipping-taxable product-type-simple\">\n\t<div class=\"premium-woo-product-wrapper premium-con-lq__none\">\n\t\t<div class=\"premium-woo-product-thumbnail\"><a href=\"https:\/\/pharmadiet.com\/pt\/productos\/cognidine\/\" class=\"woocommerce-LoopProduct-link woocommerce-loop-product__link\"><img decoding=\"async\" src=\"https:\/\/pharmadiet.com\/pt\/wp-content\/uploads\/2025\/07\/PHARMADIET-salud-cognitiva-producto-Cognidine.jpg\" alt=\"\"><\/a><\/div><div class=\"premium-woo-products-details-wrap\"><a href=\"https:\/\/pharmadiet.com\/pt\/productos\/cognidine\/\" class=\"premium-woo-product__link\"><h2 class=\"woocommerce-loop-product__title\">Cognidine\u00ae<\/h2><\/a>\t\t\t<span class=\"premium-woo-product-category\">\n\t\t\t\tsa\u00fade comportamental\t\t\t<\/span>\n\t\t\t<div class=\"premium-woo-product-desc\">Alimento complementar cuja combina\u00e7\u00e3o de nutrientes ajuda o sistema cognitivo normal em c\u00e3es e gatos.<\/div><\/div>\t<\/div>\n<\/li>\n\n<li class=\" post-3543 product last instock shipping-taxable product-type-simple\">\n\t<div class=\"premium-woo-product-wrapper premium-con-lq__none\">\n\t\t<div class=\"premium-woo-product-thumbnail\"><a href=\"https:\/\/pharmadiet.com\/pt\/productos\/daforte\/\" class=\"woocommerce-LoopProduct-link woocommerce-loop-product__link\"><img decoding=\"async\" src=\"https:\/\/pharmadiet.com\/pt\/wp-content\/uploads\/2025\/07\/PHARMADIET-salud-digestiva-producto-salud-digestiva-DaForte-20-ml.jpeg\" alt=\"\"><\/a><\/div><div class=\"premium-woo-products-details-wrap\"><a href=\"https:\/\/pharmadiet.com\/pt\/productos\/daforte\/\" class=\"premium-woo-product__link\"><h2 class=\"woocommerce-loop-product__title\">Daforte\u00ae<\/h2><\/a>\t\t\t<span class=\"premium-woo-product-category\">\n\t\t\t\tSa\u00fade digestiva\t\t\t<\/span>\n\t\t\t<div class=\"premium-woo-product-desc\">Suplemento alimentar com nutrientes que ajudam a estabilizar a flora intestinal de c\u00e3es e gatos.<\/div><\/div>\t<\/div>\n<\/li>\n\n<li class=\" post-3570 product first instock shipping-taxable product-type-simple\">\n\t<div class=\"premium-woo-product-wrapper premium-con-lq__none\">\n\t\t<div class=\"premium-woo-product-thumbnail\"><a href=\"https:\/\/pharmadiet.com\/pt\/productos\/dermadual\/\" class=\"woocommerce-LoopProduct-link woocommerce-loop-product__link\"><img decoding=\"async\" src=\"https:\/\/pharmadiet.com\/pt\/wp-content\/uploads\/2025\/07\/PHARMADIET-salud-dermica-producto-Dermadual.jpeg\" alt=\"\"><\/a><\/div><div class=\"premium-woo-products-details-wrap\"><a href=\"https:\/\/pharmadiet.com\/pt\/productos\/dermadual\/\" class=\"premium-woo-product__link\"><h2 class=\"woocommerce-loop-product__title\">Dermadual\u00ae<\/h2><\/a>\t\t\t<span class=\"premium-woo-product-category\">\n\t\t\t\tSa\u00fade d\u00e9rmica\t\t\t<\/span>\n\t\t\t<div class=\"premium-woo-product-desc\">Alimento complementar com nutrientes que ajudam a manter uma pele saud\u00e1vel e um pelo forte e brilhante.<\/div><\/div>\t<\/div>\n<\/li>\n\n<li class=\" post-3585 product  instock shipping-taxable product-type-simple\">\n\t<div class=\"premium-woo-product-wrapper premium-con-lq__none\">\n\t\t<div class=\"premium-woo-product-thumbnail\"><a href=\"https:\/\/pharmadiet.com\/pt\/productos\/digest-plasmoral-pequenas-medias\/\" class=\"woocommerce-LoopProduct-link woocommerce-loop-product__link\"><img decoding=\"async\" src=\"https:\/\/pharmadiet.com\/pt\/wp-content\/uploads\/2025\/07\/PHARMADIET-salud-digestiva-producto-Plasmoral-Digest-Razas-pequenas.jpeg\" alt=\"\"><\/a><\/div><div class=\"premium-woo-products-details-wrap\"><a href=\"https:\/\/pharmadiet.com\/pt\/productos\/digest-plasmoral-pequenas-medias\/\" class=\"premium-woo-product__link\"><h2 class=\"woocommerce-loop-product__title\">Digest Plasmoral\u00ae Para Ra\u00e7as Pequenas e M\u00e9dias<\/h2><\/a>\t\t\t<span class=\"premium-woo-product-category\">\n\t\t\t\tSa\u00fade digestiva\t\t\t<\/span>\n\t\t\t<div class=\"premium-woo-product-desc\">Alimento complementar \u00e0 base de nutrientes de origem plasm\u00e1tica e outros nutrientes que auxiliam em desequil\u00edbrios intestinais. Formato para ra\u00e7as pequenas e m\u00e9dias.<\/div><\/div>\t<\/div>\n<\/li>\n\n<li class=\" post-3577 product  instock shipping-taxable product-type-simple\">\n\t<div class=\"premium-woo-product-wrapper premium-con-lq__none\">\n\t\t<div class=\"premium-woo-product-thumbnail\"><a href=\"https:\/\/pharmadiet.com\/pt\/productos\/digest-plasmoral-grande\/\" class=\"woocommerce-LoopProduct-link woocommerce-loop-product__link\"><img decoding=\"async\" src=\"https:\/\/pharmadiet.com\/pt\/wp-content\/uploads\/2025\/07\/PHARMADIET-salud-digestiva-producto-Plasmoral-Digest-Razas-grandes.jpeg\" alt=\"\"><\/a><\/div><div class=\"premium-woo-products-details-wrap\"><a href=\"https:\/\/pharmadiet.com\/pt\/productos\/digest-plasmoral-grande\/\" class=\"premium-woo-product__link\"><h2 class=\"woocommerce-loop-product__title\">Digest Plasmoral\u00ae Ra\u00e7as Grande E Gigantes<\/h2><\/a>\t\t\t<span class=\"premium-woo-product-category\">\n\t\t\t\tSa\u00fade digestiva\t\t\t<\/span>\n\t\t\t<div class=\"premium-woo-product-desc\">Alimento complementar \u00e0 base de nutrientes de origem plasm\u00e1tica e outros nutrientes que auxiliam em desequil\u00edbrios intestinais. Formato para ra\u00e7as grandes e gigantes.<\/div><\/div>\t<\/div>\n<\/li>\n\n<li class=\" post-3591 product last instock shipping-taxable product-type-simple\">\n\t<div class=\"premium-woo-product-wrapper premium-con-lq__none\">\n\t\t<div class=\"premium-woo-product-thumbnail\"><a href=\"https:\/\/pharmadiet.com\/pt\/productos\/hepatosil-plus-grandes\/\" class=\"woocommerce-LoopProduct-link woocommerce-loop-product__link\"><img decoding=\"async\" src=\"https:\/\/pharmadiet.com\/pt\/wp-content\/uploads\/2025\/07\/PHARMADIET-salud-hepatica-producto-Hepatosil-RG.jpg\" alt=\"\"><\/a><\/div><div class=\"premium-woo-products-details-wrap\"><a href=\"https:\/\/pharmadiet.com\/pt\/productos\/hepatosil-plus-grandes\/\" class=\"premium-woo-product__link\"><h2 class=\"woocommerce-loop-product__title\">Hepatosil PLUS\u00ae Ra\u00e7as grandes<\/h2><\/a>\t\t\t<span class=\"premium-woo-product-category\">\n\t\t\t\tSa\u00fade interna\t\t\t<\/span>\n\t\t\t<div class=\"premium-woo-product-desc\"><strong>Nova composi\u00e7\u00e3o.<\/strong>\r\n\r\nAlimento complementar que fornece nutrientes que contribuem para a manuten\u00e7\u00e3o da fun\u00e7\u00e3o interna. Para ra\u00e7as de c\u00e3es grandes.<\/div><\/div>\t<\/div>\n<\/li>\n<\/ul>\n<nav class=\"premium-woo-products-pagination\">\n\t<ul class='page-numbers'>\n\t<li><span aria-label=\"P\u00e1gina 1\" aria-current=\"page\" class=\"page-numbers current\">1<\/span><\/li>\n\t<li><a aria-label=\"P\u00e1gina 2\" class=\"page-numbers\" href=\"https:\/\/pharmadiet.com\/pt\/wp-json\/wp\/v2\/pages\/281\/page\/2\/\">2<\/a><\/li>\n\t<li><a aria-label=\"P\u00e1gina 3\" class=\"page-numbers\" href=\"https:\/\/pharmadiet.com\/pt\/wp-json\/wp\/v2\/pages\/281\/page\/3\/\">3<\/a><\/li>\n\t<li><a aria-label=\"P\u00e1gina 4\" class=\"page-numbers\" href=\"https:\/\/pharmadiet.com\/pt\/wp-json\/wp\/v2\/pages\/281\/page\/4\/\">4<\/a><\/li>\n\t<li><a aria-label=\"P\u00e1gina 5\" class=\"page-numbers\" href=\"https:\/\/pharmadiet.com\/pt\/wp-json\/wp\/v2\/pages\/281\/page\/5\/\">5<\/a><\/li>\n<\/ul>\n<\/nav>\n<\/div><\/div>\t\t\t\t<\/div>\n\t\t\t\t<\/div>\n\t\t\t\t<\/div>\n\t\t\t\t\t<\/div>\n\t\t\t\t<\/div>\n\t\t<div class=\"elementor-element elementor-element-6d05f545 e-flex e-con-boxed e-con e-parent\" data-id=\"6d05f545\" data-element_type=\"container\">\n\t\t\t\t\t<div class=\"e-con-inner\">\n\t\t\t\t<div class=\"elementor-element elementor-element-fe5efab elementor-widget-divider--view-line elementor-widget elementor-widget-divider\" data-id=\"fe5efab\" data-element_type=\"widget\" data-widget_type=\"divider.default\">\n\t\t\t\t\t\t\t<div class=\"elementor-divider\">\n\t\t\t<span class=\"elementor-divider-separator\">\n\t\t\t\t\t\t<\/span>\n\t\t<\/div>\n\t\t\t\t\t\t<\/div>\n\t\t\t\t<div class=\"elementor-element elementor-element-4d471c09 elementor-widget elementor-widget-heading\" data-id=\"4d471c09\" data-element_type=\"widget\" data-widget_type=\"heading.default\">\n\t\t\t\t\t<h2 class=\"elementor-heading-title elementor-size-default\">\u00daltima publica\u00e7\u00e3o no blog<\/h2>\t\t\t\t<\/div>\n\t\t\t\t\t<\/div>\n\t\t\t\t<\/div>\n\t\t<div class=\"elementor-element elementor-element-13d512e8 elementor-hidden-tablet elementor-hidden-mobile e-flex e-con-boxed e-con e-parent\" data-id=\"13d512e8\" data-element_type=\"container\" data-settings=\"{&quot;background_background&quot;:&quot;classic&quot;}\">\n\t\t\t\t\t<div class=\"e-con-inner\">\n\t\t\t\t\t<\/div>\n\t\t\t\t<\/div>\n\t\t<div class=\"elementor-element elementor-element-4deb68fd elementor-hidden-desktop e-flex e-con-boxed e-con e-parent\" data-id=\"4deb68fd\" data-element_type=\"container\">\n\t\t\t\t\t<div class=\"e-con-inner\">\n\t\t\t\t<div class=\"elementor-element elementor-element-24124cca elementor-pagination-type-bullets elementor-pagination-position-outside elementor-widget elementor-widget-loop-carousel\" data-id=\"24124cca\" data-element_type=\"widget\" data-settings=\"{&quot;template_id&quot;:1785,&quot;_skin&quot;:&quot;post&quot;,&quot;slides_to_show&quot;:&quot;3&quot;,&quot;slides_to_show_tablet&quot;:&quot;2&quot;,&quot;slides_to_show_mobile&quot;:&quot;1&quot;,&quot;slides_to_scroll&quot;:&quot;1&quot;,&quot;edit_handle_selector&quot;:&quot;.elementor-loop-container&quot;,&quot;autoplay&quot;:&quot;yes&quot;,&quot;autoplay_speed&quot;:5000,&quot;pause_on_hover&quot;:&quot;yes&quot;,&quot;pause_on_interaction&quot;:&quot;yes&quot;,&quot;infinite&quot;:&quot;yes&quot;,&quot;speed&quot;:500,&quot;offset_sides&quot;:&quot;none&quot;,&quot;pagination&quot;:&quot;bullets&quot;,&quot;image_spacing_custom&quot;:{&quot;unit&quot;:&quot;px&quot;,&quot;size&quot;:10,&quot;sizes&quot;:[]},&quot;image_spacing_custom_tablet&quot;:{&quot;unit&quot;:&quot;px&quot;,&quot;size&quot;:&quot;&quot;,&quot;sizes&quot;:[]},&quot;image_spacing_custom_mobile&quot;:{&quot;unit&quot;:&quot;px&quot;,&quot;size&quot;:&quot;&quot;,&quot;sizes&quot;:[]}}\" data-widget_type=\"loop-carousel.post\">\n\t\t\t\t\t\t\t<div class=\"e-loop-nothing-found-message\">\n\t\t<\/div>\n\t\t\t\t\t\t<\/div>\n\t\t\t\t\t<\/div>\n\t\t\t\t<\/div>\n\t\t\t\t<\/div>\n\t\t","protected":false},"excerpt":{"rendered":"<p>Nutrac\u00eauticos para a sa\u00fade e o bem-estar dos animais de companhia Suplementos alimentares concebidos para cuidar dos animais de companhia, [&hellip;]<\/p>\n","protected":false},"author":1,"featured_media":0,"parent":0,"menu_order":0,"comment_status":"closed","ping_status":"closed","template":"","meta":{"_acf_changed":false,"site-sidebar-layout":"no-sidebar","site-content-layout":"","ast-site-content-layout":"full-width-container","site-content-style":"default","site-sidebar-style":"default","ast-global-header-display":"","ast-banner-title-visibility":"","ast-main-header-display":"","ast-hfb-above-header-display":"","ast-hfb-below-header-display":"","ast-hfb-mobile-header-display":"","site-post-title":"disabled","ast-breadcrumbs-content":"","ast-featured-img":"disabled","footer-sml-layout":"","theme-transparent-header-meta":"","adv-header-id-meta":"","stick-header-meta":"","header-above-stick-meta":"","header-main-stick-meta":"","header-below-stick-meta":"","astra-migrate-meta-layouts":"default","ast-page-background-enabled":"default","ast-page-background-meta":{"desktop":{"background-color":"var(--ast-global-color-5)","background-image":"","background-repeat":"repeat","background-position":"center center","background-size":"auto","background-attachment":"scroll","background-type":"","background-media":"","overlay-type":"","overlay-color":"","overlay-opacity":"","overlay-gradient":""},"tablet":{"background-color":"","background-image":"","background-repeat":"repeat","background-position":"center center","background-size":"auto","background-attachment":"scroll","background-type":"","background-media":"","overlay-type":"","overlay-color":"","overlay-opacity":"","overlay-gradient":""},"mobile":{"background-color":"","background-image":"","background-repeat":"repeat","background-position":"center center","background-size":"auto","background-attachment":"scroll","background-type":"","background-media":"","overlay-type":"","overlay-color":"","overlay-opacity":"","overlay-gradient":""}},"ast-content-background-meta":{"desktop":{"background-color":"var(--ast-global-color-4)","background-image":"","background-repeat":"repeat","background-position":"center center","background-size":"auto","background-attachment":"scroll","background-type":"","background-media":"","overlay-type":"","overlay-color":"","overlay-opacity":"","overlay-gradient":""},"tablet":{"background-color":"var(--ast-global-color-4)","background-image":"","background-repeat":"repeat","background-position":"center center","background-size":"auto","background-attachment":"scroll","background-type":"","background-media":"","overlay-type":"","overlay-color":"","overlay-opacity":"","overlay-gradient":""},"mobile":{"background-color":"var(--ast-global-color-4)","background-image":"","background-repeat":"repeat","background-position":"center center","background-size":"auto","background-attachment":"scroll","background-type":"","background-media":"","overlay-type":"","overlay-color":"","overlay-opacity":"","overlay-gradient":""}},"footnotes":""},"class_list":["post-281","page","type-page","status-publish","hentry","desktop-align-left","tablet-align-left","mobile-align-left"],"acf":[],"_links":{"self":[{"href":"https:\/\/pharmadiet.com\/pt\/wp-json\/wp\/v2\/pages\/281","targetHints":{"allow":["GET"]}}],"collection":[{"href":"https:\/\/pharmadiet.com\/pt\/wp-json\/wp\/v2\/pages"}],"about":[{"href":"https:\/\/pharmadiet.com\/pt\/wp-json\/wp\/v2\/types\/page"}],"author":[{"embeddable":true,"href":"https:\/\/pharmadiet.com\/pt\/wp-json\/wp\/v2\/users\/1"}],"replies":[{"embeddable":true,"href":"https:\/\/pharmadiet.com\/pt\/wp-json\/wp\/v2\/comments?post=281"}],"version-history":[{"count":264,"href":"https:\/\/pharmadiet.com\/pt\/wp-json\/wp\/v2\/pages\/281\/revisions"}],"predecessor-version":[{"id":17534,"href":"https:\/\/pharmadiet.com\/pt\/wp-json\/wp\/v2\/pages\/281\/revisions\/17534"}],"wp:attachment":[{"href":"https:\/\/pharmadiet.com\/pt\/wp-json\/wp\/v2\/media?parent=281"}],"curies":[{"name":"wp","href":"https:\/\/api.w.org\/{rel}","templated":true}]}}