{"id":3762,"date":"2025-08-05T17:17:33","date_gmt":"2025-08-05T15:17:33","guid":{"rendered":"https:\/\/beta.pharmadiet.com\/?post_type=product&#038;p=3762"},"modified":"2026-03-05T14:40:49","modified_gmt":"2026-03-05T13:40:49","slug":"vetregul","status":"publish","type":"product","link":"https:\/\/pharmadiet.com\/fr\/productos\/vetregul\/","title":{"rendered":"Vetregul\u00ae"},"content":{"rendered":"<p>Aliment compl\u00e9mentaire contenant des nutriments qui soutiennent le syst\u00e8me intestinal.<\/p>\n<ul>\n<li>Mode d\u2019emploi adapt\u00e9 en fonction du poids de l\u2019animal.<\/li>\n<\/ul>\n","protected":false},"excerpt":{"rendered":"<p>Aliment compl\u00e9mentaire contenant des nutriments qui soutiennent le syst\u00e8me intestinal.<\/p>\n<p>&nbsp;<\/p>\n","protected":false},"featured_media":3763,"comment_status":"open","ping_status":"closed","template":"","meta":{"_acf_changed":false,"site-sidebar-layout":"default","site-content-layout":"","ast-site-content-layout":"default","site-content-style":"default","site-sidebar-style":"default","ast-global-header-display":"","ast-banner-title-visibility":"","ast-main-header-display":"","ast-hfb-above-header-display":"","ast-hfb-below-header-display":"","ast-hfb-mobile-header-display":"","site-post-title":"","ast-breadcrumbs-content":"","ast-featured-img":"","footer-sml-layout":"","theme-transparent-header-meta":"default","adv-header-id-meta":"","stick-header-meta":"","header-above-stick-meta":"","header-main-stick-meta":"","header-below-stick-meta":"","astra-migrate-meta-layouts":"set","ast-page-background-enabled":"default","ast-page-background-meta":{"desktop":{"background-color":"var(--ast-global-color-5)","background-image":"","background-repeat":"repeat","background-position":"center center","background-size":"auto","background-attachment":"scroll","background-type":"","background-media":"","overlay-type":"","overlay-color":"","overlay-opacity":"","overlay-gradient":""},"tablet":{"background-color":"","background-image":"","background-repeat":"repeat","background-position":"center center","background-size":"auto","background-attachment":"scroll","background-type":"","background-media":"","overlay-type":"","overlay-color":"","overlay-opacity":"","overlay-gradient":""},"mobile":{"background-color":"","background-image":"","background-repeat":"repeat","background-position":"center center","background-size":"auto","background-attachment":"scroll","background-type":"","background-media":"","overlay-type":"","overlay-color":"","overlay-opacity":"","overlay-gradient":""}},"ast-content-background-meta":{"desktop":{"background-color":"var(--ast-global-color-4)","background-image":"","background-repeat":"repeat","background-position":"center center","background-size":"auto","background-attachment":"scroll","background-type":"","background-media":"","overlay-type":"","overlay-color":"","overlay-opacity":"","overlay-gradient":""},"tablet":{"background-color":"var(--ast-global-color-4)","background-image":"","background-repeat":"repeat","background-position":"center center","background-size":"auto","background-attachment":"scroll","background-type":"","background-media":"","overlay-type":"","overlay-color":"","overlay-opacity":"","overlay-gradient":""},"mobile":{"background-color":"var(--ast-global-color-4)","background-image":"","background-repeat":"repeat","background-position":"center center","background-size":"auto","background-attachment":"scroll","background-type":"","background-media":"","overlay-type":"","overlay-color":"","overlay-opacity":"","overlay-gradient":""}}},"animal":[117,119,118,150],"product_brand":[],"product_cat":[24],"product_tag":[279],"class_list":{"0":"post-3762","1":"product","2":"type-product","3":"status-publish","4":"has-post-thumbnail","6":"animal-chat","7":"animal-chien","8":"animal-furet","9":"animal-rongeur","10":"product_cat-sante-digestive-animaux","11":"product_tag-plantillac","12":"desktop-align-left","13":"tablet-align-left","14":"mobile-align-left","16":"first","17":"instock","18":"shipping-taxable","19":"product-type-simple"},"acf":{"title_indications":"Dans quelles situations son utilisation est-elle recommand\u00e9e ?","description_indication":"Vetregul est un aliment compl\u00e9mentaire qui soutient la sant\u00e9 gastro-intestinale en apportant des nutriments qui aident \u00e0:\r\n<ul>\r\n \t<li>Maintenir un transit intestinal normal.<\/li>\r\n \t<li>R\u00e9duire l\u2019odeur des selles et de l\u2019urine.<\/li>\r\n \t<li>Limiter les boules de poils dans le tube digestif.<\/li>\r\n \t<li>R\u00e9duire les flatulences.<\/li>\r\n<\/ul>","items_indication":[{"imagen":3765,"title":"Troubles digestifs chez les animaux de compagnie : bien plus qu\u2019une simple g\u00eane","description":"La digestion est un processus fondamental dans le fonctionnement du syst\u00e8me digestif des animaux. Ce syst\u00e8me complexe transforme les aliments et les liquides qu\u2019ils consomment en nutriments essentiels utiles \u00e0 l\u2019organisme.\r\n\r\nCependant, une mauvaise digestion peut devenir un v\u00e9ritable obstacle dans la vie des animaux de compagnie. Elle peut \u00eatre \u00e0 la fois une cause de probl\u00e8mes de sant\u00e9 et un signe de troubles plus graves. La qualit\u00e9 de la digestion chez les chats et les chiens peut avoir un impact significatif sur leur comportement et leur bien-\u00eatre g\u00e9n\u00e9ral.\r\n\r\nLes probl\u00e8mes digestifs chez les animaux de compagnie peuvent se manifester par des sympt\u00f4mes tels que des vomissements, de la diarrh\u00e9e, de la constipation, une perte d\u2019app\u00e9tit, ou encore des changements de comportement comme l\u2019irritabilit\u00e9 ou l\u2019apathie. Ces signes affectent non seulement leur confort, mais aussi leur vitalit\u00e9 et leur bien-\u00eatre global.\r\n\r\nPlusieurs facteurs peuvent contribuer aux probl\u00e8mes digestifs chez ces animaux, notamment l\u2019alimentation, l\u2019intol\u00e9rance \u00e0 certains aliments, les infections gastro-intestinales ou encore des troubles chroniques. Il est donc essentiel de veiller \u00e0 leur sant\u00e9 digestive et, si des signes d\u2019inconfort apparaissent, de consulter un v\u00e9t\u00e9rinaire."}],"title_beneficios":"Comment Vetregul soutient-il le transit intestinal ?","description_benefits":"Aliment compl\u00e9mentaire pour animaux contenant des nutriments qui aident \u00e0 :\r\n\r\n&nbsp;","items_benefits":[{"imagen":1247,"title":"Maintenir le transit intestinal","description":"Vetregul pour chiens et chats agit comme un alli\u00e9 pour maintenir un transit intestinal sain chez les animaux de compagnie.\r\n\r\n&nbsp;"},{"imagen":3546,"title":"R\u00e9duire l\u2019odeur des selles et de l\u2019urine","description":"Gr\u00e2ce \u00e0 ses nutriments, le gel Vetregul aide \u00e0 r\u00e9duire l\u2019odeur des selles et de l\u2019urine des animaux de compagnie.\r\n\r\n&nbsp;"},{"imagen":1248,"title":"Aider \u00e0 \u00e9liminer les boules de poils dans le tube digestif","description":"Particuli\u00e8rement chez le chat, ses nutriments aident \u00e0 \u00e9liminer les boules de poils.\r\n\r\n&nbsp;"},{"imagen":1243,"title":"R\u00e9duire les flatulences","description":"En am\u00e9liorant la digestion, notre produit aide \u00e9galement \u00e0 r\u00e9duire les flatulences inconfortables chez les chiens et les chats.\r\n\r\n&nbsp;"}],"items_presentaciones":[{"title":"Vetergul\u00ae","description":"Bo\u00eete contenant un flacon de 50 ml avec seringue doseuse.\r\n\r\nSuspension orale.\r\n\r\n&nbsp;","imagen":3763}],"description_ingredients":"","items_ingredients":[{"title":"Oligofructose\r\n\r\n&nbsp;","description":"Ingr\u00e9dient pr\u00e9biotique qui favorise la prolif\u00e9ration de la flore intestinale. Il limite \u00e9galement l\u2019adh\u00e9sion intestinale de la flore pathog\u00e8ne, contribuant ainsi \u00e0 une r\u00e9ponse immunitaire normale face aux infections.\r\n\r\n&nbsp;"},{"title":"Yucca schidigera\r\n\r\n&nbsp;","description":"Gr\u00e2ce \u00e0 sa teneur en saponines, il aide \u00e0 r\u00e9duire les flatulences et \u00e0 diminuer l\u2019odeur forte des selles et de l\u2019urine. Il pr\u00e9sente \u00e9galement une action antiparasitaire connue contre les protozoaires cili\u00e9s et certaines bact\u00e9ries, contribuant \u00e0 r\u00e9duire les processus inflammatoires.\r\n\r\n&nbsp;"},{"title":"Malt d\u2019orge\r\n\r\n&nbsp;","description":"Aide \u00e0 r\u00e9guler le transit intestinal et contribue \u00e0 l\u2019\u00e9limination des boules de poils. Particuli\u00e8rement important chez le chat."}],"video":"","items_Instructions_for_use":[{"title":"G\u00e9n\u00e9ral","description":"Agiter avant emploi.\r\n\r\nLes animaux doivent avoir un acc\u00e8s permanent \u00e0 l\u2019eau.\r\n\r\nUn suivi est recommand\u00e9 apr\u00e8s 6 mois d\u2019utilisation."},{"title":"Chat","description":"<ul>\r\n \t<li>Jusqu\u2019\u00e0 1 an : 0,5 ml par jour.<\/li>\r\n \t<li>\u00c0 partir de 1 an : 1 ml par jour.<\/li>\r\n<\/ul>"},{"title":"Chien","description":"<ul>\r\n \t<li>Jusqu\u2019\u00e0 5 kg de poids corporel : 0,5 ml par jour.<\/li>\r\n \t<li>De 5 \u00e0 10 kg de poids corporel : 1 ml par jour.<\/li>\r\n \t<li>De 10 \u00e0 15 kg de poids corporel : 1,5 ml par jour.<\/li>\r\n \t<li>De 15 \u00e0 20 kg de poids corporel : 2 ml par jour.<\/li>\r\n \t<li>De 20 \u00e0 25 kg de poids corporel : 2,5 ml par jour.<\/li>\r\n \t<li>De 25 \u00e0 30 kg de poids corporel : 3 ml par jour.<\/li>\r\n \t<li>De 30 \u00e0 35 kg de poids corporel : 3,5 ml par jour.<\/li>\r\n \t<li>\u00c0 partir de 35 kg de poids corporel : 4 ml\/jour.<\/li>\r\n<\/ul>"},{"title":"Furet","description":"0,2 ml par jour"},{"title":"Rongeur","description":"0,2 ml par jour"}],"image_banner_scientific_study_copiar":"","title_banner_scientific_study":"","description_banner_scientific_study":"","Scientific_study_banner":"","studies":null,"bibliografy_text":"","features":[{"image":1262,"title":"Sans prot\u00e9ines de poulet"},{"image":1267,"title":"Sans colorants artificiels"}],"ficha_tecnica":3764},"_links":{"self":[{"href":"https:\/\/pharmadiet.com\/fr\/wp-json\/wp\/v2\/product\/3762","targetHints":{"allow":["GET"]}}],"collection":[{"href":"https:\/\/pharmadiet.com\/fr\/wp-json\/wp\/v2\/product"}],"about":[{"href":"https:\/\/pharmadiet.com\/fr\/wp-json\/wp\/v2\/types\/product"}],"replies":[{"embeddable":true,"href":"https:\/\/pharmadiet.com\/fr\/wp-json\/wp\/v2\/comments?post=3762"}],"version-history":[{"count":12,"href":"https:\/\/pharmadiet.com\/fr\/wp-json\/wp\/v2\/product\/3762\/revisions"}],"predecessor-version":[{"id":17800,"href":"https:\/\/pharmadiet.com\/fr\/wp-json\/wp\/v2\/product\/3762\/revisions\/17800"}],"wp:featuredmedia":[{"embeddable":true,"href":"https:\/\/pharmadiet.com\/fr\/wp-json\/wp\/v2\/media\/3763"}],"wp:attachment":[{"href":"https:\/\/pharmadiet.com\/fr\/wp-json\/wp\/v2\/media?parent=3762"}],"wp:term":[{"taxonomy":"animal","embeddable":true,"href":"https:\/\/pharmadiet.com\/fr\/wp-json\/wp\/v2\/animal?post=3762"},{"taxonomy":"product_brand","embeddable":true,"href":"https:\/\/pharmadiet.com\/fr\/wp-json\/wp\/v2\/product_brand?post=3762"},{"taxonomy":"product_cat","embeddable":true,"href":"https:\/\/pharmadiet.com\/fr\/wp-json\/wp\/v2\/product_cat?post=3762"},{"taxonomy":"product_tag","embeddable":true,"href":"https:\/\/pharmadiet.com\/fr\/wp-json\/wp\/v2\/product_tag?post=3762"}],"curies":[{"name":"wp","href":"https:\/\/api.w.org\/{rel}","templated":true}]}}