{"id":273,"date":"2025-05-22T12:12:16","date_gmt":"2025-05-22T10:12:16","guid":{"rendered":"http:\/\/pharmadiet01.test\/?post_type=product&#038;p=273"},"modified":"2026-03-05T10:33:23","modified_gmt":"2026-03-05T09:33:23","slug":"aloevet","status":"publish","type":"product","link":"https:\/\/pharmadiet.com\/fr\/productos\/aloevet\/","title":{"rendered":"Aloevet\u00ae"},"content":{"rendered":"\t\t<div data-elementor-type=\"product-post\" data-elementor-id=\"273\" class=\"elementor elementor-273\" data-elementor-post-type=\"product\">\n\t\t\t\t<div class=\"elementor-element elementor-element-99bec04 e-flex e-con-boxed e-con e-parent\" data-id=\"99bec04\" data-element_type=\"container\">\n\t\t\t\t\t<div class=\"e-con-inner\">\n\t\t\t\t<div class=\"elementor-element elementor-element-7632bfd6 elementor-widget elementor-widget-text-editor\" data-id=\"7632bfd6\" data-element_type=\"widget\" data-widget_type=\"text-editor.default\">\n\t\t\t\t\t\t\t\t\t<p>Gel \u00e0 usage topique, hydratant, indiqu\u00e9 pour la protection des petites l\u00e9sions de la peau, sur les extr\u00e9mit\u00e9s et les zones particuli\u00e8rement sensibles telles que les coussinets plantaires, les coudes, le museau et le nez.<\/p><ul><li>Gel \u00e0 usage topique.<\/li><li>Flacon doseur.<\/li><\/ul>\t\t\t\t\t\t\t\t<\/div>\n\t\t\t\t\t<\/div>\n\t\t\t\t<\/div>\n\t\t\t\t<\/div>\n\t\t","protected":false},"excerpt":{"rendered":"<p>Gel \u00e0 usage topique, hydratant, indiqu\u00e9 pour la protection des petites l\u00e9sions de la peau, sur les extr\u00e9mit\u00e9s et les zones particuli\u00e8rement sensibles telles que les coussinets plantaires, les coudes, le museau et le nez.<\/p>\n<p>&nbsp;<\/p>\n","protected":false},"featured_media":274,"comment_status":"open","ping_status":"closed","template":"","meta":{"_acf_changed":false,"site-sidebar-layout":"default","site-content-layout":"","ast-site-content-layout":"default","site-content-style":"default","site-sidebar-style":"default","ast-global-header-display":"","ast-banner-title-visibility":"","ast-main-header-display":"","ast-hfb-above-header-display":"","ast-hfb-below-header-display":"","ast-hfb-mobile-header-display":"","site-post-title":"","ast-breadcrumbs-content":"","ast-featured-img":"","footer-sml-layout":"","theme-transparent-header-meta":"default","adv-header-id-meta":"","stick-header-meta":"","header-above-stick-meta":"","header-main-stick-meta":"","header-below-stick-meta":"","astra-migrate-meta-layouts":"set","ast-page-background-enabled":"default","ast-page-background-meta":{"desktop":{"background-color":"var(--ast-global-color-5)","background-image":"","background-repeat":"repeat","background-position":"center center","background-size":"auto","background-attachment":"scroll","background-type":"","background-media":"","overlay-type":"","overlay-color":"","overlay-opacity":"","overlay-gradient":""},"tablet":{"background-color":"","background-image":"","background-repeat":"repeat","background-position":"center center","background-size":"auto","background-attachment":"scroll","background-type":"","background-media":"","overlay-type":"","overlay-color":"","overlay-opacity":"","overlay-gradient":""},"mobile":{"background-color":"","background-image":"","background-repeat":"repeat","background-position":"center center","background-size":"auto","background-attachment":"scroll","background-type":"","background-media":"","overlay-type":"","overlay-color":"","overlay-opacity":"","overlay-gradient":""}},"ast-content-background-meta":{"desktop":{"background-color":"var(--ast-global-color-4)","background-image":"","background-repeat":"repeat","background-position":"center center","background-size":"auto","background-attachment":"scroll","background-type":"","background-media":"","overlay-type":"","overlay-color":"","overlay-opacity":"","overlay-gradient":""},"tablet":{"background-color":"var(--ast-global-color-4)","background-image":"","background-repeat":"repeat","background-position":"center center","background-size":"auto","background-attachment":"scroll","background-type":"","background-media":"","overlay-type":"","overlay-color":"","overlay-opacity":"","overlay-gradient":""},"mobile":{"background-color":"var(--ast-global-color-4)","background-image":"","background-repeat":"repeat","background-position":"center center","background-size":"auto","background-attachment":"scroll","background-type":"","background-media":"","overlay-type":"","overlay-color":"","overlay-opacity":"","overlay-gradient":""}}},"animal":[117,119,118,149,223,120,150],"product_brand":[],"product_cat":[31],"product_tag":[279],"class_list":{"0":"post-273","1":"product","2":"type-product","3":"status-publish","4":"has-post-thumbnail","6":"animal-chat","7":"animal-chien","8":"animal-furet","9":"animal-lapin","10":"animal-oiseau","11":"animal-reptile","12":"animal-rongeur","13":"product_cat-sante-dermatologique-animaux","14":"product_tag-plantillac","15":"desktop-align-left","16":"tablet-align-left","17":"mobile-align-left","19":"first","20":"instock","21":"shipping-taxable","22":"product-type-simple"},"acf":{"title_indications":"","description_indication":"","items_indication":[{"imagen":4013,"title":"L\u00e9sions cutan\u00e9es chez les chiens et les chats : coussinets, coudes, museau et nez","description":"Les petites l\u00e9sions sur les extr\u00e9mit\u00e9s et les zones particuli\u00e8rement sensibles sont des pr\u00e9occupations chez les animaux de compagnie tels que les chiens et les chats. Ces zones comprennent les coussinets plantaires, les coudes, le museau et le nez. Pourquoi ? Parce qu'elles sont constamment expos\u00e9es \u00e0 l'ext\u00e9rieur lorsque les animaux se d\u00e9placent, ce qui peut entra\u00eener des probl\u00e8mes cutan\u00e9s chez les chats et les chiens de diff\u00e9rentes gravit\u00e9s.\r\n\r\n<strong>Coussinets plantaires:<\/strong>\r\n\r\nCe sont les coussinets de peau \u00e9paisse sur les pattes des chiens et des chats. Ils peuvent subir de petites l\u00e9sions pour diverses raisons, telles que la marche sur des surfaces abrasives ou tranchantes, des br\u00fblures par la chaleur ou le froid, et des objets \u00e9trangers incrust\u00e9s. Si vous pensez qu'il peut y avoir un probl\u00e8me, examinez les pattes de votre animal \u00e0 la recherche de plaies cutan\u00e9es, d'abrasions, de br\u00fblures ou d'inflammation. Votre animal peut boiter ou se l\u00e9cher excessivement les pattes s'il a mal."},{"imagen":4014,"title":"","description":"<strong>Coudes:<\/strong>\r\n\r\nCe sont de petites articulations situ\u00e9es aux coudes des pattes avant, qui peuvent subir des l\u00e9sions en raison du frottement constant avec des surfaces dures ou rugueuses, ce qui peut causer un probl\u00e8me dermatologique. Recherchez un gonflement, une rougeur ou des callosit\u00e9s aux coudes de votre animal. Il peut l\u00e9cher (toilettage excessif) ou mordre la zone affect\u00e9e.\r\n\r\n<strong>Museau et nez:<\/strong>\r\n\r\nIls peuvent \u00eatre sensibles et sujets aux l\u00e9sions en raison de leur exposition \u00e0 l'air libre et des allergies possibles. Si vous remarquez quelque chose d'anormal comme la s\u00e9cheresse, des desquamations, des rougeurs ou des plaies, vous devez consulter un v\u00e9t\u00e9rinaire. Soyez \u00e9galement attentif s'ils \u00e9ternuent ou se frottent constamment le nez.\r\n\r\nIl est essentiel d'\u00eatre attentif aux signes de l\u00e9sions dans ces zones sensibles. En cas de besoin, un traitement appropri\u00e9 sera dispens\u00e9 par votre v\u00e9t\u00e9rinaire de confiance."}],"title_beneficios":"En quoi Aloevet\u00ae aide-t-il \u00e0 la sant\u00e9 dermique des animaux de compagnie ?","description_benefits":"Aloevet est recommand\u00e9 pour :\r\n\r\n&nbsp;\r\n\r\n&nbsp;","items_benefits":[{"imagen":3481,"title":"","description":"Aider \u00e0 maintenir la peau hydrat\u00e9e."},{"imagen":3485,"title":"","description":"Contribuer au maintien d'une peau en bonne sant\u00e9."},{"imagen":3492,"title":"Aider \u00e0 prot\u00e9ger contre de petites l\u00e9sions","description":"Tant sur les extr\u00e9mit\u00e9s et les zones particuli\u00e8rement sensibles telles que les coussinets plantaires, les coudes, le museau et le nez.\r\n\r\n&nbsp;"}],"items_presentaciones":[{"title":"Aloevet\u00ae","description":"Bo\u00eete avec flacon doseur de 50 ml.\r\n\r\nGel \u00e0 usage topique.","imagen":274}],"description_ingredients":"","items_ingredients":[{"title":"Gel d'Aloe Vera, Extrait de Centella asiatica, Hyaluronate de sodium\r\n\r\n&nbsp;","description":"Aident \u00e0 hydrater et \u00e0 prot\u00e9ger contre les petites l\u00e9sions cutan\u00e9es.\r\n\r\n&nbsp;"},{"title":"Collag\u00e8ne hydrolys\u00e9\r\n\r\n&nbsp;","description":"Aide au maintien de l'\u00e9tat de sant\u00e9 de la peau.\r\n\r\n&nbsp;"},{"title":"Vitamines A et E\r\n\r\n&nbsp;\r\n\r\n&nbsp;","description":"Vitamines ayant une activit\u00e9 antioxydante qui contribuent \u00e0 la sant\u00e9 de la peau.\r\n\r\n&nbsp;\r\n\r\n&nbsp;"}],"video":"","items_Instructions_for_use":[{"title":"G\u00e9n\u00e9ral","description":"Usage topique.\r\n\r\nLe dispositif est \u00e9quip\u00e9 d\u2019un verrou de s\u00e9curit\u00e9, indiqu\u00e9 sur le dessus par OFF et ON.\r\nAvant d\u2019appliquer le produit, assurez-vous que le dispositif est ouvert en tournant doucement la partie sup\u00e9rieure vers la droite.\r\n\r\nAppliquez une petite quantit\u00e9 de gel ALOEVET\u00ae sur la zone cutan\u00e9e concern\u00e9e et \u00e9talez uniform\u00e9ment. Appliquez deux \u00e0 trois fois par jour.\r\n\r\nUne fois l\u2019application termin\u00e9e, tournez l\u00e9g\u00e8rement la partie sup\u00e9rieure du dispositif vers la gauche afin de vous assurer qu\u2019il est bien ferm\u00e9, ce qui \u00e9vite toute fuite \u00e9ventuelle du produit."}],"image_banner_scientific_study_copiar":"","title_banner_scientific_study":"","description_banner_scientific_study":"","Scientific_study_banner":"","studies":null,"bibliografy_text":"","features":[{"image":3481,"title":"Hydratation"},{"image":1219,"title":"Gel non collant"},{"image":1220,"title":"Ne n\u00e9cessite pas de r\u00e9frig\u00e9ration"}],"ficha_tecnica":3557},"_links":{"self":[{"href":"https:\/\/pharmadiet.com\/fr\/wp-json\/wp\/v2\/product\/273","targetHints":{"allow":["GET"]}}],"collection":[{"href":"https:\/\/pharmadiet.com\/fr\/wp-json\/wp\/v2\/product"}],"about":[{"href":"https:\/\/pharmadiet.com\/fr\/wp-json\/wp\/v2\/types\/product"}],"replies":[{"embeddable":true,"href":"https:\/\/pharmadiet.com\/fr\/wp-json\/wp\/v2\/comments?post=273"}],"version-history":[{"count":31,"href":"https:\/\/pharmadiet.com\/fr\/wp-json\/wp\/v2\/product\/273\/revisions"}],"predecessor-version":[{"id":17769,"href":"https:\/\/pharmadiet.com\/fr\/wp-json\/wp\/v2\/product\/273\/revisions\/17769"}],"wp:featuredmedia":[{"embeddable":true,"href":"https:\/\/pharmadiet.com\/fr\/wp-json\/wp\/v2\/media\/274"}],"wp:attachment":[{"href":"https:\/\/pharmadiet.com\/fr\/wp-json\/wp\/v2\/media?parent=273"}],"wp:term":[{"taxonomy":"animal","embeddable":true,"href":"https:\/\/pharmadiet.com\/fr\/wp-json\/wp\/v2\/animal?post=273"},{"taxonomy":"product_brand","embeddable":true,"href":"https:\/\/pharmadiet.com\/fr\/wp-json\/wp\/v2\/product_brand?post=273"},{"taxonomy":"product_cat","embeddable":true,"href":"https:\/\/pharmadiet.com\/fr\/wp-json\/wp\/v2\/product_cat?post=273"},{"taxonomy":"product_tag","embeddable":true,"href":"https:\/\/pharmadiet.com\/fr\/wp-json\/wp\/v2\/product_tag?post=273"}],"curies":[{"name":"wp","href":"https:\/\/api.w.org\/{rel}","templated":true}]}}