{"id":17747,"date":"2026-02-25T16:47:11","date_gmt":"2026-02-25T15:47:11","guid":{"rendered":"https:\/\/pharmadiet.com\/fr\/?post_type=product&#038;p=17747"},"modified":"2026-03-05T14:37:49","modified_gmt":"2026-03-05T13:37:49","slug":"urpro-plus-gel","status":"publish","type":"product","link":"https:\/\/pharmadiet.com\/fr\/productos\/urpro-plus-gel\/","title":{"rendered":"Urpro\u00ae Plus Gel"},"content":{"rendered":"<ul>\n<li>\u00a0Nouveau<\/li>\n<li>\u00a0Sans prot\u00e9ines de poulet<\/li>\n<li>\u00a0Sans conservateurs<\/li>\n<li>\u00a0Posologie adapt\u00e9e au poids de l\u2019animal<\/li>\n<li>\u00a0Agiter avant usage<\/li>\n<\/ul>\n","protected":false},"excerpt":{"rendered":"<p>Urpro\u00ae Plus gel avec des nutriments qui aident au maintien normal du syst\u00e8me urinaire et en particulier des voies urinaires inf\u00e9rieures.<\/p>\n","protected":false},"featured_media":17748,"comment_status":"open","ping_status":"closed","template":"","meta":{"_acf_changed":false,"site-sidebar-layout":"default","site-content-layout":"","ast-site-content-layout":"default","site-content-style":"default","site-sidebar-style":"default","ast-global-header-display":"","ast-banner-title-visibility":"","ast-main-header-display":"","ast-hfb-above-header-display":"","ast-hfb-below-header-display":"","ast-hfb-mobile-header-display":"","site-post-title":"","ast-breadcrumbs-content":"","ast-featured-img":"","footer-sml-layout":"","theme-transparent-header-meta":"default","adv-header-id-meta":"","stick-header-meta":"","header-above-stick-meta":"","header-main-stick-meta":"","header-below-stick-meta":"","astra-migrate-meta-layouts":"set","ast-page-background-enabled":"default","ast-page-background-meta":{"desktop":{"background-color":"var(--ast-global-color-5)","background-image":"","background-repeat":"repeat","background-position":"center center","background-size":"auto","background-attachment":"scroll","background-type":"","background-media":"","overlay-type":"","overlay-color":"","overlay-opacity":"","overlay-gradient":""},"tablet":{"background-color":"","background-image":"","background-repeat":"repeat","background-position":"center center","background-size":"auto","background-attachment":"scroll","background-type":"","background-media":"","overlay-type":"","overlay-color":"","overlay-opacity":"","overlay-gradient":""},"mobile":{"background-color":"","background-image":"","background-repeat":"repeat","background-position":"center center","background-size":"auto","background-attachment":"scroll","background-type":"","background-media":"","overlay-type":"","overlay-color":"","overlay-opacity":"","overlay-gradient":""}},"ast-content-background-meta":{"desktop":{"background-color":"var(--ast-global-color-4)","background-image":"","background-repeat":"repeat","background-position":"center center","background-size":"auto","background-attachment":"scroll","background-type":"","background-media":"","overlay-type":"","overlay-color":"","overlay-opacity":"","overlay-gradient":""},"tablet":{"background-color":"var(--ast-global-color-4)","background-image":"","background-repeat":"repeat","background-position":"center center","background-size":"auto","background-attachment":"scroll","background-type":"","background-media":"","overlay-type":"","overlay-color":"","overlay-opacity":"","overlay-gradient":""},"mobile":{"background-color":"var(--ast-global-color-4)","background-image":"","background-repeat":"repeat","background-position":"center center","background-size":"auto","background-attachment":"scroll","background-type":"","background-media":"","overlay-type":"","overlay-color":"","overlay-opacity":"","overlay-gradient":""}}},"animal":[117,119],"product_brand":[],"product_cat":[27],"product_tag":[278],"class_list":{"0":"post-17747","1":"product","2":"type-product","3":"status-publish","4":"has-post-thumbnail","6":"animal-chat","7":"animal-chien","8":"product_cat-sante-renale-urinaire-animaux","9":"product_tag-plantillab","10":"desktop-align-left","11":"tablet-align-left","12":"mobile-align-left","14":"first","15":"instock","16":"shipping-taxable","17":"product-type-simple"},"acf":{"title_indications":"","description_indication":"","items_indication":[{"imagen":3740,"title":"","description":"<section id=\"indicaciones\" class=\"bde-section-130-130 bde-section\">\r\n<div class=\"section-container\">\r\n<div class=\"bde-repeater-element-130-134 bde-repeater-element\">\r\n<div class=\"bde-loop bde-loop-grid ee-posts bde-dynamic-repeater bde-dynamic-repeater-134 bde-dynamic-repeater-grid\"><article class=\"bde-loop-item ee-post bde-dynamic-repeater-item\">\r\n<div class=\"bde-columns-149-100-1006-2-149-1 bde-columns bde-columns-149-100\">\r\n<div class=\"bde-column-149-102-1006-2-149-1 bde-column bde-column-149-102\">\r\n<div class=\"bde-rich-text-149-107-1006-2-149-1 bde-rich-text bde-rich-text-149-107 breakdance-rich-text-styles\">\r\n\r\nLa maladie des voies urinaires basses (LUTD) regroupe un ensemble d\u2019affections touchant les voies urinaires basses, notamment la vessie et l\u2019ur\u00e8tre, et provoque des sympt\u00f4mes cliniquement similaires chez les chiens comme chez les chats.\r\n\r\nParmi les causes les plus fr\u00e9quentes de LUTD figurent la cystite idiopathique chez le chat et les infections bact\u00e9riennes chez le chien. L\u2019ob\u00e9sit\u00e9 et le stress repr\u00e9sentent des facteurs de risque majeurs pouvant augmenter la susceptibilit\u00e9 aux maladies des voies urinaires chez nos animaux de compagnie. \u00c0 titre pr\u00e9ventif, en particulier chez le chat, il est recommand\u00e9 de favoriser une hydratation ad\u00e9quate.\r\n\r\n<\/div>\r\n<\/div>\r\n<\/div>\r\n<\/article><\/div>\r\n<\/div>\r\n<\/div>\r\n<\/section>"},{"imagen":3741,"title":"","description":"La LUTD affecte les voies urinaires basses chez les chiens comme chez les chats. Chez le chien, les infections urinaires (IU) peuvent avoir une incidence allant jusqu\u2019\u00e0 27 %. La quasi-totalit\u00e9 de ces infections est caus\u00e9e par des bact\u00e9ries pathog\u00e8nes qui remontent depuis les organes g\u00e9nitaux externes et l\u2019ur\u00e8tre, E. coli \u00e9tant l\u2019un des agents les plus fr\u00e9quents.\r\n\r\nLa cystite idiopathique f\u00e9line (CIF), \u00e9galement appel\u00e9e cystite interstitielle f\u00e9line, est une affection relativement fr\u00e9quente en pratique v\u00e9t\u00e9rinaire. Elle peut se manifester par des \u00e9pisodes obstructifs r\u00e9currents, plus fr\u00e9quents chez les m\u00e2les, ou par des \u00e9pisodes non obstructifs, fr\u00e9quents chez les jeunes chats et les femelles. Son origine reste inconnue dans de nombreux cas et elle a \u00e9t\u00e9 sous-diagnostiqu\u00e9e jusqu\u2019\u00e0 pr\u00e9sent en raison d\u2019un manque de compr\u00e9hension \u00e9tiopathog\u00e9nique ou de sa similitude avec d\u2019autres syndromes urinaires."}],"title_beneficios":"Comment les nutriments contenus dans l\u2019aliment compl\u00e9mentaire URPRO\u00ae Plus Gel aident-ils les animaux de compagnie ?","description_benefits":"URPRO\u00ae Plus Gel apporte des nutriments qui favorisent le bon fonctionnement du syst\u00e8me urinaire, en particulier au niveau des voies urinaires basses.\r\n\r\n&nbsp;","items_benefits":[{"imagen":1238,"title":"Le bon fonctionnement du syst\u00e8me urinaire","description":"En particulier au niveau des voies urinaires basses.\r\n\r\n&nbsp;"}],"items_presentaciones":[{"title":"URPRO\u00ae Plus Gel","description":"Bo\u00eete avec flacon de 50 ml et seringue doseuse. Suspension pour voie orale.\r\n\r\n&nbsp;","imagen":17748}],"description_ingredients":"","items_ingredients":[{"title":"<div class=\"bde-column-206-101-1006-1-206-3 bde-column bde-column-206-101\">\r\n<div class=\"bde-text-206-102-1006-1-206-3 bde-text bde-text-206-102\">\r\n<div class=\"bde-column-206-101-15435-1-206-3 bde-column bde-column-206-101\">\r\n<div class=\"bde-text-206-102-15435-1-206-3 bde-text bde-text-206-102\">\r\n\r\n\u00a0Glucosamine\r\n\r\n&nbsp;\r\n\r\n<\/div>\r\n<\/div>\r\n<\/div>\r\n<\/div>","description":""},{"title":"Fruit de canneberge rouge<sup>1,2,3<\/sup>","description":"Contient de l\u2019acide hippurique et des proanthocyanidines, dont les recherches sugg\u00e8rent qu\u2019ils emp\u00eachent les bact\u00e9ries, notamment Escherichia coli, d\u2019adh\u00e9rer aux cellules uro\u00e9pith\u00e9liales qui tapissent la paroi de la vessie. De plus, les proanthocyanidines sont reconnues pour leurs propri\u00e9t\u00e9s antioxydantes et anti-inflammatoires."},{"title":"D-Mannose<sup>8<\/sup>","description":"Emp\u00eache l\u2019adh\u00e9sion d\u2019E. coli aux r\u00e9cepteurs uroth\u00e9liaux. \u00c9tant donn\u00e9 que les infections urinaires r\u00e9currentes (IU) sont fr\u00e9quentes chez les chiens et les chats, l\u2019utilisation pr\u00e9ventive du D-mannose dans les cas o\u00f9 l\u2019infection est due \u00e0 des facteurs externes constitue un outil pr\u00e9cieux.\r\n\r\n&nbsp;"},{"title":"<div class=\"bde-column-206-101-15435-5-206-2 bde-column bde-column-206-101\">\r\n<div class=\"bde-text-206-102-15435-5-206-2 bde-text bde-text-206-102\">\r\n\r\n\u00a0Pr\u00eale en poudre\r\n\r\n&nbsp;\r\n\r\n<\/div>\r\n<\/div>","description":""},{"title":"Tryptophane","description":"&nbsp;\r\n\r\n&nbsp;"},{"title":"<div class=\"bde-column-206-101-15435-6-206-2 bde-column bde-column-206-101\">\r\n<div class=\"bde-text-206-102-15435-6-206-2 bde-text bde-text-206-102\">\r\n\r\n\u00a0Sulfate de chondro\u00eftine\r\n\r\n<\/div>\r\n<\/div>","description":"&nbsp;\r\n\r\n&nbsp;"},{"title":"<div class=\"bde-column-206-101-15435-7-206-2 bde-column bde-column-206-101\">\r\n<div class=\"bde-text-206-102-15435-7-206-2 bde-text bde-text-206-102\">\r\n\r\n\u00a0Acide hyaluronique\r\n\r\n&nbsp;\r\n\r\n<\/div>\r\n<\/div>","description":"&nbsp;\r\n\r\n&nbsp;"}],"video":"","items_Instructions_for_use":[{"title":"G\u00e9n\u00e9ral","description":"Oral route\r\n\r\nBien agiter avant utilisation."},{"title":"Chien","description":"<article class=\"bde-loop-item ee-post bde-dynamic-repeater-item\">\r\n<div class=\"bde-columns-206-100-1025-2-206-4 bde-columns bde-columns-206-100\">\r\n<div class=\"bde-column-206-103-1025-2-206-4 bde-column bde-column-206-103\">\r\n<div class=\"bde-rich-text-206-104-1025-2-206-4 bde-rich-text bde-rich-text-206-104 breakdance-rich-text-styles\">\r\n<ul>\r\n \t<li>1 mL \/ 5 kg de poids corporel\/jour<\/li>\r\n<\/ul>\r\n<\/div>\r\n<\/div>\r\n<\/div>\r\n<\/article><article class=\"bde-loop-item ee-post bde-dynamic-repeater-item\">\r\n<div class=\"bde-columns-206-100-1025-3-206-4 bde-columns bde-columns-206-100\">\r\n<div class=\"bde-column-206-101-1025-3-206-4 bde-column bde-column-206-101\"><\/div>\r\n<\/div>\r\n<\/article>"},{"title":"Chat","description":"<article class=\"bde-loop-item ee-post bde-dynamic-repeater-item\">\r\n<div class=\"bde-columns-206-100-1006-1-206-4 bde-columns bde-columns-206-100\">\r\n<div class=\"bde-column-206-103-1006-1-206-4 bde-column bde-column-206-103\">\r\n<div class=\"bde-rich-text-206-104-1006-1-206-4 bde-rich-text bde-rich-text-206-104 breakdance-rich-text-styles\">\r\n<ul>\r\n \t<li><article class=\"bde-loop-item ee-post bde-dynamic-repeater-item\">\r\n<div class=\"bde-columns-206-100-15435-2-206-4 bde-columns bde-columns-206-100\">\r\n<div class=\"bde-column-206-103-15435-2-206-4 bde-column bde-column-206-103\">\r\n<div class=\"bde-rich-text-206-104-15435-2-206-4 bde-rich-text bde-rich-text-206-104 breakdance-rich-text-styles\">\r\n\r\n1 mL \/ 5 kg de poids corporel\/jour\r\n\r\n&nbsp;\r\n\r\n<\/div>\r\n<\/div>\r\n<\/div>\r\n<\/article><article class=\"bde-loop-item ee-post bde-dynamic-repeater-item\">\r\n<div class=\"bde-columns-206-100-15435-3-206-4 bde-columns bde-columns-206-100\">\r\n<div class=\"bde-column-206-101-15435-3-206-4 bde-column bde-column-206-101\"><\/div>\r\n<\/div>\r\n<\/article><\/li>\r\n<\/ul>\r\n<\/div>\r\n<\/div>\r\n<\/div>\r\n<\/article><article class=\"bde-loop-item ee-post bde-dynamic-repeater-item\"><\/article>"}],"image_banner_scientific_study_copiar":"","title_banner_scientific_study":"","description_banner_scientific_study":"","Scientific_study_banner":"","studies":null,"bibliografy_text":"<ol>\r\n \t<li>Jepson, R. G., Williams, G., &amp; Craig, J. C. (2012). Cranberries for preventing urinary tract infections. Cochrane Database Syst Rev, 10(10), CD001321. doi: 10.1002\/14651858.CD001321.pub5.<\/li>\r\n \t<li>Chou, H. I., Chen, K. S., Wang, H. C., &amp; Lee, W. M. (2016). Effects of cranberry extract on prevention of urinary tract infection in dogs and on adhesion of Escherichia coli to Madin-Darby canine kidney cells. Am J Vet Res, 77(4), 421-427. doi: 10.2460\/ajvr.77.4.421.<\/li>\r\n \t<li>Carvajal-Campos, A., Jeusette, I., Mayot, G., Torre, C., Andr\u00e9, A., &amp; Di Martino, P. (2023). Adherence of Uropathogenic Escherichia Coli in Dog Urine After Consumption of Food Supplemented with Cranberry (Vaccinium Macrocarpon). J Vet Res, 67(1), 49-54. doi: 10.2478\/jvetres-2023-0004.<\/li>\r\n \t<li>Bessa Pereira, C., Gomes, P. S., Costa-Rodrigues, J., Almeida Palmas, R., Vieira, L., Ferraz, M. P., Lopes, M. A., &amp; Fernandes, M. H. (2012). Equisetum arvense hydromethanolic extracts in bone tissue regeneration: in vitro osteoblastic modulation and antibacterial activity. Cell Prolif, 45(4), 386-396. doi: 10.1111\/j.1365-2184.2012.00826.x. Epub 2012 Jun 1.<\/li>\r\n \t<li>Cetojevi\u0107-Simin, D. D., Canadanovi\u0107-Brunet, J. M., Bogdanovi\u0107, G. M., Djilas, S. M., Cetkovi\u0107, G. S., Tumbas, V. T., &amp; Stojiljkovi\u0107, B. T. (2010). Antioxidative and antiproliferative activities of different horsetail (Equisetum arvense L.) extracts. J Med Food, 13(2), 452-459. doi: 10.1089\/jmf.2008.0159.<\/li>\r\n \t<li>Gr\u00fcndemann, C., Lengen, K., Sauer, B., Garcia-K\u00e4ufer, M., Zehl, M., &amp; Huber, R. (2014). Equisetum arvense (common horsetail) modulates the function of inflammatory immunocompetent cells. BMC Complement Altern Med, 14:283. doi: 10.1186\/1472-6882-14-283.<\/li>\r\n \t<li>Oliveira, C. ., &amp; Granato, A. C. (2021). Research, Society and Development, 10(12), e501101220876. DOI:\u00a0<a href=\"https:\/\/dx.doi.org\/10.33448\/rsd-v10i12.20876\">http:\/\/dx.doi.org\/10.33448\/rsd-v10i12.20876<\/a>. (CC BY 4.0) | ISSN 2525-3409<\/li>\r\n \t<li>DeLomba, E. (2022). D-mannose Use for Bacterial Urinary Tract Infections in Dogs and Cats. AHVMA Journal, Volume 67, Summer Issue. Online Publication Date: 9 June 2022.<\/li>\r\n<\/ol>","features":[{"image":1262,"title":"Chicken protein-free"},{"image":1267,"title":"Without preservatives."}],"ficha_tecnica":17750},"_links":{"self":[{"href":"https:\/\/pharmadiet.com\/fr\/wp-json\/wp\/v2\/product\/17747","targetHints":{"allow":["GET"]}}],"collection":[{"href":"https:\/\/pharmadiet.com\/fr\/wp-json\/wp\/v2\/product"}],"about":[{"href":"https:\/\/pharmadiet.com\/fr\/wp-json\/wp\/v2\/types\/product"}],"replies":[{"embeddable":true,"href":"https:\/\/pharmadiet.com\/fr\/wp-json\/wp\/v2\/comments?post=17747"}],"version-history":[{"count":4,"href":"https:\/\/pharmadiet.com\/fr\/wp-json\/wp\/v2\/product\/17747\/revisions"}],"predecessor-version":[{"id":17797,"href":"https:\/\/pharmadiet.com\/fr\/wp-json\/wp\/v2\/product\/17747\/revisions\/17797"}],"wp:featuredmedia":[{"embeddable":true,"href":"https:\/\/pharmadiet.com\/fr\/wp-json\/wp\/v2\/media\/17748"}],"wp:attachment":[{"href":"https:\/\/pharmadiet.com\/fr\/wp-json\/wp\/v2\/media?parent=17747"}],"wp:term":[{"taxonomy":"animal","embeddable":true,"href":"https:\/\/pharmadiet.com\/fr\/wp-json\/wp\/v2\/animal?post=17747"},{"taxonomy":"product_brand","embeddable":true,"href":"https:\/\/pharmadiet.com\/fr\/wp-json\/wp\/v2\/product_brand?post=17747"},{"taxonomy":"product_cat","embeddable":true,"href":"https:\/\/pharmadiet.com\/fr\/wp-json\/wp\/v2\/product_cat?post=17747"},{"taxonomy":"product_tag","embeddable":true,"href":"https:\/\/pharmadiet.com\/fr\/wp-json\/wp\/v2\/product_tag?post=17747"}],"curies":[{"name":"wp","href":"https:\/\/api.w.org\/{rel}","templated":true}]}}