{"id":17727,"date":"2026-02-25T16:03:23","date_gmt":"2026-02-25T15:03:23","guid":{"rendered":"https:\/\/pharmadiet.com\/fr\/?post_type=product&#038;p=17727"},"modified":"2026-03-05T10:35:37","modified_gmt":"2026-03-05T09:35:37","slug":"calmatonine-gel","status":"publish","type":"product","link":"https:\/\/pharmadiet.com\/fr\/productos\/calmatonine-gel\/","title":{"rendered":"Calmatonine\u00ae Gel"},"content":{"rendered":"\t\t<div data-elementor-type=\"product-post\" data-elementor-id=\"17727\" class=\"elementor elementor-17727\" data-elementor-post-type=\"product\">\n\t\t\t\t<div class=\"elementor-element elementor-element-75436e6a e-flex e-con-boxed e-con e-parent\" data-id=\"75436e6a\" data-element_type=\"container\">\n\t\t\t\t\t<div class=\"e-con-inner\">\n\t\t\t\t<div class=\"elementor-element elementor-element-42283bea elementor-widget elementor-widget-text-editor\" data-id=\"42283bea\" data-element_type=\"widget\" data-widget_type=\"text-editor.default\">\n\t\t\t\t\t\t\t\t\t<ul><li>Nouvelle Pres\u00e9ntation gel<\/li><li>Pas de prot\u00e9ines de poulet<\/li><li>Sans conservateurs<\/li><li>Mode d&#8217;emploi adapt\u00e9 au poids de l&rsquo;animal<\/li><\/ul>\t\t\t\t\t\t\t\t<\/div>\n\t\t\t\t\t<\/div>\n\t\t\t\t<\/div>\n\t\t\t\t<\/div>\n\t\t","protected":false},"excerpt":{"rendered":"<p>Aliment compl\u00e9mentaire avec des nutriments qui aident \u00e0 maintenir un comportement appropri\u00e9 chez les animaux de compagnie.<\/p>\n<p>&nbsp;<\/p>\n","protected":false},"featured_media":17728,"comment_status":"open","ping_status":"closed","template":"","meta":{"_acf_changed":false,"site-sidebar-layout":"default","site-content-layout":"","ast-site-content-layout":"default","site-content-style":"default","site-sidebar-style":"default","ast-global-header-display":"","ast-banner-title-visibility":"","ast-main-header-display":"","ast-hfb-above-header-display":"","ast-hfb-below-header-display":"","ast-hfb-mobile-header-display":"","site-post-title":"","ast-breadcrumbs-content":"","ast-featured-img":"","footer-sml-layout":"","theme-transparent-header-meta":"default","adv-header-id-meta":"","stick-header-meta":"","header-above-stick-meta":"","header-main-stick-meta":"","header-below-stick-meta":"","astra-migrate-meta-layouts":"set","ast-page-background-enabled":"default","ast-page-background-meta":{"desktop":{"background-color":"var(--ast-global-color-5)","background-image":"","background-repeat":"repeat","background-position":"center center","background-size":"auto","background-attachment":"scroll","background-type":"","background-media":"","overlay-type":"","overlay-color":"","overlay-opacity":"","overlay-gradient":""},"tablet":{"background-color":"","background-image":"","background-repeat":"repeat","background-position":"center center","background-size":"auto","background-attachment":"scroll","background-type":"","background-media":"","overlay-type":"","overlay-color":"","overlay-opacity":"","overlay-gradient":""},"mobile":{"background-color":"","background-image":"","background-repeat":"repeat","background-position":"center center","background-size":"auto","background-attachment":"scroll","background-type":"","background-media":"","overlay-type":"","overlay-color":"","overlay-opacity":"","overlay-gradient":""}},"ast-content-background-meta":{"desktop":{"background-color":"var(--ast-global-color-4)","background-image":"","background-repeat":"repeat","background-position":"center center","background-size":"auto","background-attachment":"scroll","background-type":"","background-media":"","overlay-type":"","overlay-color":"","overlay-opacity":"","overlay-gradient":""},"tablet":{"background-color":"var(--ast-global-color-4)","background-image":"","background-repeat":"repeat","background-position":"center center","background-size":"auto","background-attachment":"scroll","background-type":"","background-media":"","overlay-type":"","overlay-color":"","overlay-opacity":"","overlay-gradient":""},"mobile":{"background-color":"var(--ast-global-color-4)","background-image":"","background-repeat":"repeat","background-position":"center center","background-size":"auto","background-attachment":"scroll","background-type":"","background-media":"","overlay-type":"","overlay-color":"","overlay-opacity":"","overlay-gradient":""}}},"animal":[117,119,118,150],"product_brand":[],"product_cat":[23],"product_tag":[279],"class_list":{"0":"post-17727","1":"product","2":"type-product","3":"status-publish","4":"has-post-thumbnail","6":"animal-chat","7":"animal-chien","8":"animal-furet","9":"animal-rongeur","10":"product_cat-sante-comportementale-animaux","11":"product_tag-plantillac","12":"desktop-align-left","13":"tablet-align-left","14":"mobile-align-left","16":"first","17":"instock","18":"shipping-taxable","19":"product-type-simple"},"acf":{"title_indications":"","description_indication":"","items_indication":[{"imagen":4962,"title":"Probl\u00e8mes de comportement chez les chiens et les chats","description":"Si vous remarquez que votre animal r\u00e9agit diff\u00e9remment ou se comporte de mani\u00e8re \u00e9trange, quelque chose peut affecter son bien-\u00eatre et sa tranquillit\u00e9. Parmi les causes les plus courantes associ\u00e9es aux probl\u00e8mes de comportement, on trouve :\r\n<ul>\r\n \t<li>Maladies ou affections. Digestives, dermatologiques, r\u00e9nales, h\u00e9patiques\u2026 toute maladie peut affecter le comportement de votre animal.\r\n\r\n&nbsp;<\/li>\r\n \t<li>Changements d\u2019environnement. D\u00e9m\u00e9nagements, changement de liti\u00e8re ou de niche, changement de pi\u00e8ce, arriv\u00e9e d\u2019un nouveau membre dans la famille\u2026 peuvent influencer l\u2019\u00e9tat \u00e9motionnel des chiens et des chats.\r\n\r\n&nbsp;<\/li>\r\n \t<li>Nouveau lieu de promenade. Surtout chez les chiens, lorsque vous observez de l\u2019agressivit\u00e9 envers d\u2019autres chiens, cela peut \u00eatre li\u00e9 \u00e0 un changement de lieu de promenade ou \u00e0 la pr\u00e9sence de nouveaux animaux qu\u2019il ne conna\u00eet pas.<\/li>\r\n<\/ul>\r\nFace \u00e0 des probl\u00e8mes de comportement, la meilleure solution est de consulter un v\u00e9t\u00e9rinaire. Ainsi, il pourra \u00e9carter toute maladie et proposer le traitement appropri\u00e9 en cas de diagnostic positif."}],"title_beneficios":"En quoi Calmatonine\u00ae Gel aide-t-il ?","description_benefits":"Calmatonine\u00ae Gel fournit des nutriments pour aider dans :\r\n\r\n&nbsp;","items_benefits":[{"imagen":1248,"title":"Les situations perturbant la relaxation","description":"Bruits (feux d'artifice, p\u00e9tards, temp\u00eates, etc.), changements dans son environnement quotidien, changement d'habitat.\r\n\r\n&nbsp;"},{"imagen":1248,"title":"","description":"R\u00e9gulation du sommeil"},{"imagen":1245,"title":"","description":"Picage par les oiseaux"}],"items_presentaciones":[{"title":"Calmatonine\u00ae Gel","description":"Flacon de 20 ml avec seringue doseuse et notice.","imagen":17728}],"description_ingredients":"","items_ingredients":[{"title":"Feuilles s\u00e8ches de Camellia sinensis L. (de th\u00e9 vert)","description":"L-th\u00e9anine"},{"title":"Extrait de racine de Valeriana officinalis\r\n\r\n&nbsp;","description":"Acide val\u00e9r\u00e9nique"},{"title":"Val\u00e9riane et extrait de Passiflore incarnata\r\n\r\n&nbsp;\r\n\r\n&nbsp;","description":"Substances d'origine naturelle connues pour leurs propri\u00e9t\u00e9s relaxantes, favorisent les comportements calmes, le sommeil et la relaxation musculaire.\r\n\r\n&nbsp;"},{"title":"Farine de germe de riz (GABA)\r\n\r\n&nbsp;\r\n\r\n&nbsp;","description":"Connu pour contribuer \u00e0 r\u00e9tablir l'\u00e9quilibre et maintenir un \u00e9tat d'esprit normal.\r\n\r\n&nbsp;\r\n\r\n&nbsp;"},{"title":"Prot\u00e9ine de lait hydrolys\u00e9e (fournit de l'alpha-cas\u00e9z\u00e9pine)\r\n\r\n&nbsp;\r\n\r\n&nbsp;","description":"Prot\u00e9ine de lait aux propri\u00e9t\u00e9s relaxantes bien connues.\r\n\r\n&nbsp;"},{"title":"L-thr\u00e9onine","description":""},{"title":"Tryptophane\r\n\r\n&nbsp;","description":"Acide amin\u00e9 essentiel qui aide \u00e0 r\u00e9guler les niveaux de s\u00e9rotonine, r\u00e9duit l'agressivit\u00e9 et pr\u00e9curseur de la m\u00e9latonine qui aide \u00e0 r\u00e9guler le sommeil.\r\n\r\n&nbsp;"},{"title":"Niacine","description":""},{"title":"Vitamine B1, B6 et magn\u00e9sium, niacinamide\r\n\r\n&nbsp;","description":"Aident \u00e0 r\u00e9duire la fatigue. Et contribuent au fonctionnement normal du syst\u00e8me nerveux.\r\n\r\n&nbsp;"}],"video":"","items_Instructions_for_use":[{"title":" Chat","description":"<ul>\r\n \t<li>2 mL \/ 5 kg de poids corporel\/jour<\/li>\r\n<\/ul>\r\n&nbsp;"},{"title":"Chien","description":"<ul>\r\n \t<li>2 mL \/ 5 kg de poids corporel\/jour<\/li>\r\n<\/ul>"},{"title":"Autres indications","description":"Bien agiter avant utilisation.\r\n\r\nUsage oral"}],"image_banner_scientific_study_copiar":"","title_banner_scientific_study":"","description_banner_scientific_study":"","Scientific_study_banner":"","studies":null,"bibliografy_text":"","features":[{"image":1262,"title":"Pas de prot\u00e9ines de poulet"},{"image":1267,"title":"Sans conservateurs"},{"image":1218,"title":"Secouer avant usage"}],"ficha_tecnica":17729},"_links":{"self":[{"href":"https:\/\/pharmadiet.com\/fr\/wp-json\/wp\/v2\/product\/17727","targetHints":{"allow":["GET"]}}],"collection":[{"href":"https:\/\/pharmadiet.com\/fr\/wp-json\/wp\/v2\/product"}],"about":[{"href":"https:\/\/pharmadiet.com\/fr\/wp-json\/wp\/v2\/types\/product"}],"replies":[{"embeddable":true,"href":"https:\/\/pharmadiet.com\/fr\/wp-json\/wp\/v2\/comments?post=17727"}],"version-history":[{"count":10,"href":"https:\/\/pharmadiet.com\/fr\/wp-json\/wp\/v2\/product\/17727\/revisions"}],"predecessor-version":[{"id":17770,"href":"https:\/\/pharmadiet.com\/fr\/wp-json\/wp\/v2\/product\/17727\/revisions\/17770"}],"wp:featuredmedia":[{"embeddable":true,"href":"https:\/\/pharmadiet.com\/fr\/wp-json\/wp\/v2\/media\/17728"}],"wp:attachment":[{"href":"https:\/\/pharmadiet.com\/fr\/wp-json\/wp\/v2\/media?parent=17727"}],"wp:term":[{"taxonomy":"animal","embeddable":true,"href":"https:\/\/pharmadiet.com\/fr\/wp-json\/wp\/v2\/animal?post=17727"},{"taxonomy":"product_brand","embeddable":true,"href":"https:\/\/pharmadiet.com\/fr\/wp-json\/wp\/v2\/product_brand?post=17727"},{"taxonomy":"product_cat","embeddable":true,"href":"https:\/\/pharmadiet.com\/fr\/wp-json\/wp\/v2\/product_cat?post=17727"},{"taxonomy":"product_tag","embeddable":true,"href":"https:\/\/pharmadiet.com\/fr\/wp-json\/wp\/v2\/product_tag?post=17727"}],"curies":[{"name":"wp","href":"https:\/\/api.w.org\/{rel}","templated":true}]}}