{"id":281,"date":"2025-05-22T12:21:19","date_gmt":"2025-05-22T10:21:19","guid":{"rendered":"https:\/\/pharmadiet01.test\/?page_id=281"},"modified":"2025-12-10T09:18:19","modified_gmt":"2025-12-10T08:18:19","slug":"produits","status":"publish","type":"page","link":"https:\/\/pharmadiet.com\/fr\/produits\/","title":{"rendered":"Produits"},"content":{"rendered":"\t\t<div data-elementor-type=\"wp-page\" data-elementor-id=\"281\" class=\"elementor elementor-281\" data-elementor-post-type=\"page\">\n\t\t\t\t<div class=\"elementor-element elementor-element-5da8a4ba e-flex e-con-boxed e-con e-parent\" data-id=\"5da8a4ba\" data-element_type=\"container\" data-settings=\"{&quot;background_background&quot;:&quot;classic&quot;}\">\n\t\t\t\t\t<div class=\"e-con-inner\">\n\t\t<div class=\"elementor-element elementor-element-a308922 e-con-full e-flex e-con e-child\" data-id=\"a308922\" data-element_type=\"container\">\n\t\t\t\t<div class=\"elementor-element elementor-element-67c9b3b3 elementor-widget elementor-widget-text-editor\" data-id=\"67c9b3b3\" data-element_type=\"widget\" data-widget_type=\"text-editor.default\">\n\t\t\t\t\t\t\t\t\t<p>Nutraceutiques pour la<br \/><span style=\"color: #86b918;\">sant\u00e9 et le bien-\u00eatre<\/span> des animaux de compagnie<\/p>\t\t\t\t\t\t\t\t<\/div>\n\t\t\t\t<div class=\"elementor-element elementor-element-53f6b3cd elementor-widget elementor-widget-text-editor\" data-id=\"53f6b3cd\" data-element_type=\"widget\" data-widget_type=\"text-editor.default\">\n\t\t\t\t\t\t\t\t\t<p>Des compl\u00e9ments alimentaires pour prendre soin des animaux de compagnie avec un fort engagement envers les v\u00e9t\u00e9rinaires et les propri\u00e9taires. Des solutions innovantes avec des formules uniques et compl\u00e8tes, bas\u00e9es sur des ingr\u00e9dients d&rsquo;origine naturelle.<\/p>\t\t\t\t\t\t\t\t<\/div>\n\t\t\t\t<\/div>\n\t\t<div class=\"elementor-element elementor-element-5ddc7ca e-con-full e-flex e-con e-child\" data-id=\"5ddc7ca\" data-element_type=\"container\">\n\t\t\t\t<div class=\"elementor-element elementor-element-f371b23 elementor-widget elementor-widget-image\" data-id=\"f371b23\" data-element_type=\"widget\" data-widget_type=\"image.default\">\n\t\t\t\t\t\t\t\t\t\t\t\t\t\t\t<img decoding=\"async\" width=\"207\" height=\"165\" src=\"https:\/\/pharmadiet.com\/fr\/wp-content\/uploads\/2025\/06\/Group-11.png\" class=\"attachment-large size-large wp-image-447\" alt=\"pharmadiet\" srcset=\"https:\/\/pharmadiet.com\/fr\/wp-content\/uploads\/2025\/06\/Group-11.png 207w, https:\/\/pharmadiet.com\/fr\/wp-content\/uploads\/2025\/06\/Group-11-15x12.png 15w\" sizes=\"(max-width: 207px) 100vw, 207px\" \/>\t\t\t\t\t\t\t\t\t\t\t\t\t\t\t<\/div>\n\t\t\t\t<\/div>\n\t\t\t\t\t<\/div>\n\t\t\t\t<\/div>\n\t\t<div class=\"elementor-element elementor-element-37def1a6 e-flex e-con-boxed e-con e-parent\" data-id=\"37def1a6\" data-element_type=\"container\">\n\t\t\t\t\t<div class=\"e-con-inner\">\n\t\t<div class=\"elementor-element elementor-element-708c534c e-con-full e-grid elementor-hidden-tablet elementor-hidden-mobile e-con e-child\" data-id=\"708c534c\" data-element_type=\"container\">\n\t\t\t\t<div class=\"elementor-element elementor-element-dc2c466 elementor-widget__width-inherit elementor-widget elementor-widget-woocommerce-breadcrumb\" data-id=\"dc2c466\" data-element_type=\"widget\" data-widget_type=\"woocommerce-breadcrumb.default\">\n\t\t\t\t\t<nav class=\"woocommerce-breadcrumb\" aria-label=\"Breadcrumb\">Accueil<\/nav>\t\t\t\t<\/div>\n\t\t\t\t<\/div>\n\t\t\t\t\t<\/div>\n\t\t\t\t<\/div>\n\t\t<div class=\"elementor-element elementor-element-5bd67f1 e-flex e-con-boxed e-con e-parent\" data-id=\"5bd67f1\" data-element_type=\"container\">\n\t\t\t\t\t<div class=\"e-con-inner\">\n\t\t<div class=\"elementor-element elementor-element-f997ed1 e-con-full e-grid e-con e-child\" data-id=\"f997ed1\" data-element_type=\"container\">\n\t\t<div class=\"elementor-element elementor-element-0f00bcd e-con-full e-flex e-con e-child\" data-id=\"0f00bcd\" data-element_type=\"container\">\n\t\t\t\t<div class=\"elementor-element elementor-element-8757a97 elementor-widget elementor-widget-facetwp-facet\" data-id=\"8757a97\" data-element_type=\"widget\" data-widget_type=\"facetwp-facet.default\">\n\t\t\t\t<div class=\"elementor-widget-container\">\n\t\t\t\t\t\n        <div class=\"facet-wrap\">\n                            <span>\n                    Filtre:                <\/span>\n                        <div class=\"facetwp-facet facetwp-facet-reset_button facetwp-type-reset\" data-name=\"reset_button\" data-type=\"reset\"><\/div>        <\/div>\n\n        \t\t\t\t<\/div>\n\t\t\t\t<\/div>\n\t\t\t\t<div class=\"elementor-element elementor-element-5f0b510 elementor-widget elementor-widget-facetwp-facet\" data-id=\"5f0b510\" data-element_type=\"widget\" data-widget_type=\"facetwp-facet.default\">\n\t\t\t\t<div class=\"elementor-widget-container\">\n\t\t\t\t\t\n        <div class=\"facet-wrap\">\n                            <h3>\n                    Animaux                <\/h3>\n                        <div class=\"facetwp-facet facetwp-facet-animales_productos facetwp-type-checkboxes\" data-name=\"animales_productos\" data-type=\"checkboxes\"><\/div>        <\/div>\n\n        \t\t\t\t<\/div>\n\t\t\t\t<\/div>\n\t\t\t\t<div class=\"elementor-element elementor-element-98facd6 elementor-widget elementor-widget-facetwp-facet\" data-id=\"98facd6\" data-element_type=\"widget\" data-widget_type=\"facetwp-facet.default\">\n\t\t\t\t<div class=\"elementor-widget-container\">\n\t\t\t\t\t\n        <div class=\"facet-wrap\">\n                            <h3>\n                    Cat\u00e9gories                <\/h3>\n                        <div class=\"facetwp-facet facetwp-facet-categorias_productos facetwp-type-checkboxes\" data-name=\"categorias_productos\" data-type=\"checkboxes\"><\/div>        <\/div>\n\n        \t\t\t\t<\/div>\n\t\t\t\t<\/div>\n\t\t\t\t<\/div>\n\t\t\t\t<\/div>\n\t\t<div class=\"elementor-element elementor-element-b46f4b6 e-con-full e-flex e-con e-child\" data-id=\"b46f4b6\" data-element_type=\"container\">\n\t\t\t\t<div class=\"facetwp-template facetwp-elementor-widget elementor-element elementor-element-b7fab66 premium-woo-product-align-left elementor-widget elementor-widget-premium-woo-products\" data-id=\"b7fab66\" data-element_type=\"widget\" data-widget_type=\"premium-woo-products.grid-1\">\n\t\t\t\t<div class=\"elementor-widget-container\">\n\t\t\t\t\t<div class=\"premium-woocommerce premium-woo-products-grid premium-woo-skin-grid-1 premium-woo-query-all\" data-page-id=\"281\" data-skin=\"grid_1\" data-quick-view=\"\"><div class=\"premium-woo-products-inner\"><ul class=\"products columns-4\">\n\n<li class=\" post-273 product first instock shipping-taxable product-type-simple\">\n\t<div class=\"premium-woo-product-wrapper premium-con-lq__none\">\n\t\t<div class=\"premium-woo-product-thumbnail\"><a href=\"https:\/\/pharmadiet.com\/fr\/productos\/aloevet\/\" class=\"woocommerce-LoopProduct-link woocommerce-loop-product__link\"><img decoding=\"async\" src=\"https:\/\/pharmadiet.com\/fr\/wp-content\/uploads\/2025\/05\/PHARMADIET-salud-dermica-producto-Aloevet.jpeg\" alt=\"\"><\/a><\/div><div class=\"premium-woo-products-details-wrap\"><a href=\"https:\/\/pharmadiet.com\/fr\/productos\/aloevet\/\" class=\"premium-woo-product__link\"><h2 class=\"woocommerce-loop-product__title\">Aloevet\u00ae<\/h2><\/a>\t\t\t<span class=\"premium-woo-product-category\">\n\t\t\t\tSant\u00e9 dermatologique\t\t\t<\/span>\n\t\t\t<div class=\"premium-woo-product-desc\">Gel \u00e0 usage topique, hydratant, indiqu\u00e9 pour la protection des petites l\u00e9sions de la peau, sur les extr\u00e9mit\u00e9s et les zones particuli\u00e8rement sensibles telles que les coussinets plantaires, les coudes, le museau et le nez.\r\n\r\n&nbsp;<\/div><\/div>\t<\/div>\n<\/li>\n\n<li class=\" post-17727 product  instock shipping-taxable product-type-simple\">\n\t<div class=\"premium-woo-product-wrapper premium-con-lq__none\">\n\t\t<div class=\"premium-woo-product-thumbnail\"><a href=\"https:\/\/pharmadiet.com\/fr\/productos\/calmatonine-gel\/\" class=\"woocommerce-LoopProduct-link woocommerce-loop-product__link\"><img decoding=\"async\" src=\"https:\/\/pharmadiet.com\/fr\/wp-content\/uploads\/2026\/02\/Calmatonine_20ml_3D_CajaEnvase-Camara.png\" alt=\"\"><\/a><\/div><div class=\"premium-woo-products-details-wrap\"><a href=\"https:\/\/pharmadiet.com\/fr\/productos\/calmatonine-gel\/\" class=\"premium-woo-product__link\"><h2 class=\"woocommerce-loop-product__title\">Calmatonine\u00ae Gel<\/h2><\/a>\t\t\t<span class=\"premium-woo-product-category\">\n\t\t\t\tSant\u00e9 comportementale\t\t\t<\/span>\n\t\t\t<div class=\"premium-woo-product-desc\">Aliment compl\u00e9mentaire avec des nutriments qui aident \u00e0 maintenir un comportement appropri\u00e9 chez les animaux de compagnie.\r\n\r\n&nbsp;<\/div><\/div>\t<\/div>\n<\/li>\n\n<li class=\" post-3409 product  instock shipping-taxable product-type-simple\">\n\t<div class=\"premium-woo-product-wrapper premium-con-lq__none\">\n\t\t<div class=\"premium-woo-product-thumbnail\"><a href=\"https:\/\/pharmadiet.com\/fr\/productos\/calmatonine-xr\/\" class=\"woocommerce-LoopProduct-link woocommerce-loop-product__link\"><img decoding=\"async\" src=\"https:\/\/pharmadiet.com\/fr\/wp-content\/uploads\/2025\/07\/PHARMADIET-salud-cognitiva-producto-Calmatonine-bicapa2.png\" alt=\"\"><\/a><\/div><div class=\"premium-woo-products-details-wrap\"><a href=\"https:\/\/pharmadiet.com\/fr\/productos\/calmatonine-xr\/\" class=\"premium-woo-product__link\"><h2 class=\"woocommerce-loop-product__title\">Calmatonine\u00ae XR<\/h2><\/a>\t\t\t<span class=\"premium-woo-product-category\">\n\t\t\t\tSant\u00e9 comportementale\t\t\t<\/span>\n\t\t\t<div class=\"premium-woo-product-desc\">Aliment compl\u00e9mentaire avec des nutriments qui aident \u00e0 maintenir un comportement appropri\u00e9 chez les animaux de compagnie.\r\n\r\n&nbsp;<\/div><\/div>\t<\/div>\n<\/li>\n\n<li class=\" post-3535 product last instock shipping-taxable product-type-simple\">\n\t<div class=\"premium-woo-product-wrapper premium-con-lq__none\">\n\t\t<div class=\"premium-woo-product-thumbnail\"><a href=\"https:\/\/pharmadiet.com\/fr\/productos\/cognidine\/\" class=\"woocommerce-LoopProduct-link woocommerce-loop-product__link\"><img decoding=\"async\" src=\"https:\/\/pharmadiet.com\/fr\/wp-content\/uploads\/2025\/07\/PHARMADIET-salud-cognitiva-producto-Cognidine.jpg\" alt=\"\"><\/a><\/div><div class=\"premium-woo-products-details-wrap\"><a href=\"https:\/\/pharmadiet.com\/fr\/productos\/cognidine\/\" class=\"premium-woo-product__link\"><h2 class=\"woocommerce-loop-product__title\">Cognidine\u00ae<\/h2><\/a>\t\t\t<span class=\"premium-woo-product-category\">\n\t\t\t\tSant\u00e9 comportementale\t\t\t<\/span>\n\t\t\t<div class=\"premium-woo-product-desc\">Compl\u00e9ment alimentaire dont la combinaison de nutriments aide au fonctionnement cognitif normal chez les chiens et les chats.\r\n\r\n&nbsp;<\/div><\/div>\t<\/div>\n<\/li>\n\n<li class=\" post-3543 product first instock shipping-taxable product-type-simple\">\n\t<div class=\"premium-woo-product-wrapper premium-con-lq__none\">\n\t\t<div class=\"premium-woo-product-thumbnail\"><a href=\"https:\/\/pharmadiet.com\/fr\/productos\/daforteplus\/\" class=\"woocommerce-LoopProduct-link woocommerce-loop-product__link\"><img decoding=\"async\" src=\"https:\/\/pharmadiet.com\/fr\/wp-content\/uploads\/2025\/07\/DAFORTE_20ml_3D_PLUS-Camara.png\" alt=\"\"><\/a><\/div><div class=\"premium-woo-products-details-wrap\"><a href=\"https:\/\/pharmadiet.com\/fr\/productos\/daforteplus\/\" class=\"premium-woo-product__link\"><h2 class=\"woocommerce-loop-product__title\">Daforte\u00ae Plus<\/h2><\/a>\t\t\t<span class=\"premium-woo-product-category\">\n\t\t\t\tSant\u00e9 digestive\t\t\t<\/span>\n\t\t\t<div class=\"premium-woo-product-desc\">Compl\u00e9ment alimentaire avec des nutriments qui aident \u00e0 stabiliser la flore intestinale des chiens et des chats.\r\n\r\n&nbsp;<\/div><\/div>\t<\/div>\n<\/li>\n\n<li class=\" post-3577 product  instock shipping-taxable product-type-simple\">\n\t<div class=\"premium-woo-product-wrapper premium-con-lq__none\">\n\t\t<div class=\"premium-woo-product-thumbnail\"><a href=\"https:\/\/pharmadiet.com\/fr\/productos\/digest-plasmoral-grandes\/\" class=\"woocommerce-LoopProduct-link woocommerce-loop-product__link\"><img decoding=\"async\" src=\"https:\/\/pharmadiet.com\/fr\/wp-content\/uploads\/2025\/07\/PHARMADIET-salud-digestiva-producto-Plasmoral-Digest-Razas-grandes.jpeg\" alt=\"\"><\/a><\/div><div class=\"premium-woo-products-details-wrap\"><a href=\"https:\/\/pharmadiet.com\/fr\/productos\/digest-plasmoral-grandes\/\" class=\"premium-woo-product__link\"><h2 class=\"woocommerce-loop-product__title\">Digest Plasmoral\u00ae Grandes et G\u00e9antes Races<\/h2><\/a>\t\t\t<span class=\"premium-woo-product-category\">\n\t\t\t\tSant\u00e9 digestive\t\t\t<\/span>\n\t\t\t<div class=\"premium-woo-product-desc\">Aliment compl\u00e9mentaire \u00e0 base de nutriments d'origine plasmatique et d'autres nutriments, qui aident en cas de d\u00e9s\u00e9quilibres intestinaux prolong\u00e9s chez les chiens de grandes et tr\u00e8s grandes races.\r\n\r\n&nbsp;<\/div><\/div>\t<\/div>\n<\/li>\n\n<li class=\" post-3585 product  instock shipping-taxable product-type-simple\">\n\t<div class=\"premium-woo-product-wrapper premium-con-lq__none\">\n\t\t<div class=\"premium-woo-product-thumbnail\"><a href=\"https:\/\/pharmadiet.com\/fr\/productos\/digest-plasmoral-petites\/\" class=\"woocommerce-LoopProduct-link woocommerce-loop-product__link\"><img decoding=\"async\" src=\"https:\/\/pharmadiet.com\/fr\/wp-content\/uploads\/2025\/07\/PHARMADIET-salud-digestiva-producto-Plasmoral-Digest-Razas-pequenas.jpeg\" alt=\"\"><\/a><\/div><div class=\"premium-woo-products-details-wrap\"><a href=\"https:\/\/pharmadiet.com\/fr\/productos\/digest-plasmoral-petites\/\" class=\"premium-woo-product__link\"><h2 class=\"woocommerce-loop-product__title\">Digest Plasmoral\u00ae Petites et Moyennes Races<\/h2><\/a>\t\t\t<span class=\"premium-woo-product-category\">\n\t\t\t\tSant\u00e9 digestive\t\t\t<\/span>\n\t\t\t<div class=\"premium-woo-product-desc\">Compl\u00e9ment alimentaire \u00e0 base de nutriments d'origine plasmatique et d'autres nutriments, qui aide en cas de d\u00e9s\u00e9quilibres intestinaux prolong\u00e9s. Format pour races moyennes et petites.\r\n\r\n&nbsp;<\/div><\/div>\t<\/div>\n<\/li>\n\n<li class=\" post-17753 product last instock shipping-taxable product-type-simple\">\n\t<div class=\"premium-woo-product-wrapper premium-con-lq__none\">\n\t\t<div class=\"premium-woo-product-thumbnail\"><a href=\"https:\/\/pharmadiet.com\/fr\/productos\/hepatosil-plus-gel\/\" class=\"woocommerce-LoopProduct-link woocommerce-loop-product__link\"><img decoding=\"async\" src=\"https:\/\/pharmadiet.com\/fr\/wp-content\/uploads\/2026\/02\/Hepatosil_Gel_50ml_3D_Cajafrontal-Camara-scaled.png\" alt=\"\"><\/a><\/div><div class=\"premium-woo-products-details-wrap\"><a href=\"https:\/\/pharmadiet.com\/fr\/productos\/hepatosil-plus-gel\/\" class=\"premium-woo-product__link\"><h2 class=\"woocommerce-loop-product__title\">Hepatosil PLUS\u00ae Gel<\/h2><\/a>\t\t\t<span class=\"premium-woo-product-category\">\n\t\t\t\tSant\u00e9 Interne\t\t\t<\/span>\n\t\t\t<div class=\"premium-woo-product-desc\"><strong>Nouvelle composition.<\/strong>\r\n\r\nCompl\u00e9ment alimentaire apportant des nutriments qui aident les cellules h\u00e9patiques chez les races de chiens et de chats de petite taille<\/div><\/div>\t<\/div>\n<\/li>\n<\/ul>\n<nav class=\"premium-woo-products-pagination\">\n\t<ul class='page-numbers'>\n\t<li><span aria-label=\"Page 1\" aria-current=\"page\" class=\"page-numbers current\">1<\/span><\/li>\n\t<li><a aria-label=\"Page 2\" class=\"page-numbers\" href=\"https:\/\/pharmadiet.com\/fr\/wp-json\/wp\/v2\/pages\/281\/page\/2\/\">2<\/a><\/li>\n\t<li><a aria-label=\"Page 3\" class=\"page-numbers\" href=\"https:\/\/pharmadiet.com\/fr\/wp-json\/wp\/v2\/pages\/281\/page\/3\/\">3<\/a><\/li>\n\t<li><a aria-label=\"Page 4\" class=\"page-numbers\" href=\"https:\/\/pharmadiet.com\/fr\/wp-json\/wp\/v2\/pages\/281\/page\/4\/\">4<\/a><\/li>\n<\/ul>\n<\/nav>\n<\/div><\/div>\t\t\t\t<\/div>\n\t\t\t\t<\/div>\n\t\t\t\t<\/div>\n\t\t\t\t\t<\/div>\n\t\t\t\t<\/div>\n\t\t<div class=\"elementor-element elementor-element-6d05f545 e-flex e-con-boxed e-con e-parent\" data-id=\"6d05f545\" data-element_type=\"container\">\n\t\t\t\t\t<div class=\"e-con-inner\">\n\t\t\t\t<div class=\"elementor-element elementor-element-fe5efab elementor-widget-divider--view-line elementor-widget elementor-widget-divider\" data-id=\"fe5efab\" data-element_type=\"widget\" data-widget_type=\"divider.default\">\n\t\t\t\t\t\t\t<div class=\"elementor-divider\">\n\t\t\t<span class=\"elementor-divider-separator\">\n\t\t\t\t\t\t<\/span>\n\t\t<\/div>\n\t\t\t\t\t\t<\/div>\n\t\t\t\t<div class=\"elementor-element elementor-element-4d471c09 elementor-widget elementor-widget-heading\" data-id=\"4d471c09\" data-element_type=\"widget\" data-widget_type=\"heading.default\">\n\t\t\t\t\t<h2 class=\"elementor-heading-title elementor-size-default\">Dernier article du blog\n<\/h2>\t\t\t\t<\/div>\n\t\t\t\t\t<\/div>\n\t\t\t\t<\/div>\n\t\t<div class=\"elementor-element elementor-element-13d512e8 elementor-hidden-tablet elementor-hidden-mobile e-flex e-con-boxed e-con e-parent\" data-id=\"13d512e8\" data-element_type=\"container\" data-settings=\"{&quot;background_background&quot;:&quot;classic&quot;}\">\n\t\t\t\t\t<div class=\"e-con-inner\">\n\t\t\t\t\t<\/div>\n\t\t\t\t<\/div>\n\t\t<div class=\"elementor-element elementor-element-4deb68fd elementor-hidden-desktop e-flex e-con-boxed e-con e-parent\" data-id=\"4deb68fd\" data-element_type=\"container\">\n\t\t\t\t\t<div class=\"e-con-inner\">\n\t\t\t\t<div class=\"elementor-element elementor-element-24124cca elementor-pagination-type-bullets elementor-pagination-position-outside elementor-widget elementor-widget-loop-carousel\" data-id=\"24124cca\" data-element_type=\"widget\" data-settings=\"{&quot;template_id&quot;:1785,&quot;_skin&quot;:&quot;post&quot;,&quot;slides_to_show&quot;:&quot;3&quot;,&quot;slides_to_show_tablet&quot;:&quot;2&quot;,&quot;slides_to_show_mobile&quot;:&quot;1&quot;,&quot;slides_to_scroll&quot;:&quot;1&quot;,&quot;edit_handle_selector&quot;:&quot;.elementor-loop-container&quot;,&quot;autoplay&quot;:&quot;yes&quot;,&quot;autoplay_speed&quot;:5000,&quot;pause_on_hover&quot;:&quot;yes&quot;,&quot;pause_on_interaction&quot;:&quot;yes&quot;,&quot;infinite&quot;:&quot;yes&quot;,&quot;speed&quot;:500,&quot;offset_sides&quot;:&quot;none&quot;,&quot;pagination&quot;:&quot;bullets&quot;,&quot;image_spacing_custom&quot;:{&quot;unit&quot;:&quot;px&quot;,&quot;size&quot;:10,&quot;sizes&quot;:[]},&quot;image_spacing_custom_tablet&quot;:{&quot;unit&quot;:&quot;px&quot;,&quot;size&quot;:&quot;&quot;,&quot;sizes&quot;:[]},&quot;image_spacing_custom_mobile&quot;:{&quot;unit&quot;:&quot;px&quot;,&quot;size&quot;:&quot;&quot;,&quot;sizes&quot;:[]}}\" data-widget_type=\"loop-carousel.post\">\n\t\t\t\t\t\t\t<div class=\"e-loop-nothing-found-message\">\n\t\t<\/div>\n\t\t\t\t\t\t<\/div>\n\t\t\t\t\t<\/div>\n\t\t\t\t<\/div>\n\t\t\t\t<\/div>\n\t\t","protected":false},"excerpt":{"rendered":"<p>Nutraceutiques pour lasant\u00e9 et le bien-\u00eatre des animaux de compagnie Des compl\u00e9ments alimentaires pour prendre soin des animaux de compagnie [&hellip;]<\/p>\n","protected":false},"author":1,"featured_media":0,"parent":0,"menu_order":0,"comment_status":"closed","ping_status":"closed","template":"","meta":{"_acf_changed":false,"site-sidebar-layout":"no-sidebar","site-content-layout":"","ast-site-content-layout":"full-width-container","site-content-style":"default","site-sidebar-style":"default","ast-global-header-display":"","ast-banner-title-visibility":"","ast-main-header-display":"","ast-hfb-above-header-display":"","ast-hfb-below-header-display":"","ast-hfb-mobile-header-display":"","site-post-title":"disabled","ast-breadcrumbs-content":"","ast-featured-img":"disabled","footer-sml-layout":"","theme-transparent-header-meta":"","adv-header-id-meta":"","stick-header-meta":"","header-above-stick-meta":"","header-main-stick-meta":"","header-below-stick-meta":"","astra-migrate-meta-layouts":"default","ast-page-background-enabled":"default","ast-page-background-meta":{"desktop":{"background-color":"var(--ast-global-color-5)","background-image":"","background-repeat":"repeat","background-position":"center center","background-size":"auto","background-attachment":"scroll","background-type":"","background-media":"","overlay-type":"","overlay-color":"","overlay-opacity":"","overlay-gradient":""},"tablet":{"background-color":"","background-image":"","background-repeat":"repeat","background-position":"center center","background-size":"auto","background-attachment":"scroll","background-type":"","background-media":"","overlay-type":"","overlay-color":"","overlay-opacity":"","overlay-gradient":""},"mobile":{"background-color":"","background-image":"","background-repeat":"repeat","background-position":"center center","background-size":"auto","background-attachment":"scroll","background-type":"","background-media":"","overlay-type":"","overlay-color":"","overlay-opacity":"","overlay-gradient":""}},"ast-content-background-meta":{"desktop":{"background-color":"var(--ast-global-color-4)","background-image":"","background-repeat":"repeat","background-position":"center center","background-size":"auto","background-attachment":"scroll","background-type":"","background-media":"","overlay-type":"","overlay-color":"","overlay-opacity":"","overlay-gradient":""},"tablet":{"background-color":"var(--ast-global-color-4)","background-image":"","background-repeat":"repeat","background-position":"center center","background-size":"auto","background-attachment":"scroll","background-type":"","background-media":"","overlay-type":"","overlay-color":"","overlay-opacity":"","overlay-gradient":""},"mobile":{"background-color":"var(--ast-global-color-4)","background-image":"","background-repeat":"repeat","background-position":"center center","background-size":"auto","background-attachment":"scroll","background-type":"","background-media":"","overlay-type":"","overlay-color":"","overlay-opacity":"","overlay-gradient":""}},"footnotes":""},"class_list":["post-281","page","type-page","status-publish","hentry","desktop-align-left","tablet-align-left","mobile-align-left"],"acf":[],"_links":{"self":[{"href":"https:\/\/pharmadiet.com\/fr\/wp-json\/wp\/v2\/pages\/281","targetHints":{"allow":["GET"]}}],"collection":[{"href":"https:\/\/pharmadiet.com\/fr\/wp-json\/wp\/v2\/pages"}],"about":[{"href":"https:\/\/pharmadiet.com\/fr\/wp-json\/wp\/v2\/types\/page"}],"author":[{"embeddable":true,"href":"https:\/\/pharmadiet.com\/fr\/wp-json\/wp\/v2\/users\/1"}],"replies":[{"embeddable":true,"href":"https:\/\/pharmadiet.com\/fr\/wp-json\/wp\/v2\/comments?post=281"}],"version-history":[{"count":262,"href":"https:\/\/pharmadiet.com\/fr\/wp-json\/wp\/v2\/pages\/281\/revisions"}],"predecessor-version":[{"id":17553,"href":"https:\/\/pharmadiet.com\/fr\/wp-json\/wp\/v2\/pages\/281\/revisions\/17553"}],"wp:attachment":[{"href":"https:\/\/pharmadiet.com\/fr\/wp-json\/wp\/v2\/media?parent=281"}],"curies":[{"name":"wp","href":"https:\/\/api.w.org\/{rel}","templated":true}]}}