{"id":3667,"date":"2025-08-01T13:39:08","date_gmt":"2025-08-01T11:39:08","guid":{"rendered":"https:\/\/beta.pharmadiet.com\/?post_type=product&#038;p=3667"},"modified":"2025-10-09T11:23:08","modified_gmt":"2025-10-09T09:23:08","slug":"lactadiet-leche-maternizada-cachorros","status":"publish","type":"product","link":"https:\/\/pharmadiet.com\/es\/productos\/lactadiet-leche-maternizada-cachorros\/","title":{"rendered":"Lactadiet\u00ae Nacimiento y destete"},"content":{"rendered":"","protected":false},"excerpt":{"rendered":"<p>Alimento complementario a base de Minerales, Vitaminas hidrosolubles y liposolubles y \u00c1cidos grasos.<\/p>\n","protected":false},"featured_media":3668,"comment_status":"open","ping_status":"closed","template":"","meta":{"_acf_changed":false,"site-sidebar-layout":"default","site-content-layout":"","ast-site-content-layout":"default","site-content-style":"default","site-sidebar-style":"default","ast-global-header-display":"","ast-banner-title-visibility":"","ast-main-header-display":"","ast-hfb-above-header-display":"","ast-hfb-below-header-display":"","ast-hfb-mobile-header-display":"","site-post-title":"","ast-breadcrumbs-content":"","ast-featured-img":"","footer-sml-layout":"","theme-transparent-header-meta":"default","adv-header-id-meta":"","stick-header-meta":"","header-above-stick-meta":"","header-main-stick-meta":"","header-below-stick-meta":"","astra-migrate-meta-layouts":"set","ast-page-background-enabled":"default","ast-page-background-meta":{"desktop":{"background-color":"var(--ast-global-color-5)","background-image":"","background-repeat":"repeat","background-position":"center center","background-size":"auto","background-attachment":"scroll","background-type":"","background-media":"","overlay-type":"","overlay-color":"","overlay-opacity":"","overlay-gradient":""},"tablet":{"background-color":"","background-image":"","background-repeat":"repeat","background-position":"center center","background-size":"auto","background-attachment":"scroll","background-type":"","background-media":"","overlay-type":"","overlay-color":"","overlay-opacity":"","overlay-gradient":""},"mobile":{"background-color":"","background-image":"","background-repeat":"repeat","background-position":"center center","background-size":"auto","background-attachment":"scroll","background-type":"","background-media":"","overlay-type":"","overlay-color":"","overlay-opacity":"","overlay-gradient":""}},"ast-content-background-meta":{"desktop":{"background-color":"var(--ast-global-color-4)","background-image":"","background-repeat":"repeat","background-position":"center center","background-size":"auto","background-attachment":"scroll","background-type":"","background-media":"","overlay-type":"","overlay-color":"","overlay-opacity":"","overlay-gradient":""},"tablet":{"background-color":"var(--ast-global-color-4)","background-image":"","background-repeat":"repeat","background-position":"center center","background-size":"auto","background-attachment":"scroll","background-type":"","background-media":"","overlay-type":"","overlay-color":"","overlay-opacity":"","overlay-gradient":""},"mobile":{"background-color":"var(--ast-global-color-4)","background-image":"","background-repeat":"repeat","background-position":"center center","background-size":"auto","background-attachment":"scroll","background-type":"","background-media":"","overlay-type":"","overlay-color":"","overlay-opacity":"","overlay-gradient":""}}},"animal":[119,150],"product_brand":[],"product_cat":[233],"product_tag":[284],"class_list":{"0":"post-3667","1":"product","2":"type-product","3":"status-publish","4":"has-post-thumbnail","6":"animal-perros","7":"animal-roedores","8":"product_cat-leches-maternizadas-enriquecidas-animales","9":"product_tag-plantillaf","10":"desktop-align-left","11":"tablet-align-left","12":"mobile-align-left","14":"first","15":"instock","16":"shipping-taxable","17":"product-type-simple"},"acf":{"title_indications":"","description_indication":"","items_indication":[{"imagen":3671,"title":"Cuidados de un cachorro desde el nacimiento hasta el destete","description":"Los cachorros reci\u00e9n nacidos o con pocas semanas de vida pueden ver interrumpido su correcto desarrollo si no tienen unas condiciones y alimentaci\u00f3n adecuada, especialmente si les falta leche materna.\r\n\r\nUn cachorro reci\u00e9n nacido depende de su madre y de la leche materna para evitar problemas de\u00a0<strong>desnutrici\u00f3n<\/strong>,\u00a0<strong>deshidrataci\u00f3n\u00a0<\/strong>e\u00a0<strong>inmunidad comprometida.\u00a0<\/strong>La leche materna aporta nutrientes e inmunidad pasiva (anticuerpos de la madre que le protegen frente a infecciones y enfermedades)."},{"imagen":3672,"title":"","description":"Una\u00a0<strong>alimentaci\u00f3n adecuada\u00a0<\/strong>puede servir a que la etapa de cachorro, incluyendo el destete, sea la mejor para su correcto desarrollo y su calidad de vida.\r\n\r\nEl\u00a0<strong>destete<\/strong>\u00a0de un perro cachorro empieza alrededor del mes de vida y se prolonga hasta las siete u ocho semanas de vida. De normal la madre regurgitar\u00e1 alimentos para el cachorro (sus dientes ya le hacen da\u00f1o para extraer leche materna). Por lo que es conveniente que, en perros adoptados o hu\u00e9rfanos se le procuren los mismos nutrientes que le aportar\u00eda la madre de\u00a0 forma natural.\r\n\r\nLa alimentaci\u00f3n, junto a un correcto seguimiento del calendario de vacunaciones, cuidados b\u00e1sicos y cuidados veterinarios ayudar\u00e1 a los perros cachorros a crecer de forma correcta, sin ver comprometido el correcto desarrollo corporal.\r\n"}],"title_beneficios":"","description_benefits":"","items_benefits":null,"items_presentaciones":[{"title":"Lactadiet\u00ae Perros Nacimiento y destete","description":"Estuche de 300 g con 40 sobres de 7, 5 g cada uno (incluye biber\u00f3n y 3 tetinas de tama\u00f1o adecuado para la cr\u00eda).","imagen":3668},{"title":"Lactadiet\u00ae Perros Nacimiento y destete","description":"Estuche de 1.005 g con 134 sobres de 7,5 g cada uno (incluye biber\u00f3n y 3 tetinas de tama\u00f1o adecuado para la cr\u00eda).","imagen":3670}],"description_ingredients":"","items_ingredients":[{"title":"\r\nMinerales\r\n","description":"\r\nCalcio, fosforo, magnesio, potasio, cloro, manganeso, zinc, cobre, hierro, selenio e iodo.\r\n"},{"title":"\r\nVitaminas hidrosolubles y liposolubles\r\n","description":"\r\nVitamina A,y vitaminas del grupo B: niacina (B3), tiamina (B1), riboflavina (B2), Cloruro de colina), \u00c1cido pantot\u00e9nico, piridoxina (B6), Biotina), \u00e1cido f\u00f3lico y cianocobalamina (B12), vitamina C, vitamina D3,) vitamina E, vitamina K.\r\n"},{"title":"\r\n\u00c1cidos grasos\r\n\r\n","description":"\r\n\u00c1cido linoleico (Omega 6), \u00e1cido linol\u00e9nico (Omega 3) EPA + DHA (Omega 3).\r\n"}],"video":"","items_Instructions_for_use":[{"title":"Generales","description":"V\u00eda oral\r\n<ol>\r\n \t<li>Calentar agua a una temperatura aproximada de 40\u00baC.<\/li>\r\n \t<li>Verterla en el biber\u00f3n y posteriormente a\u00f1adir 1 sobre de la leche maternizada en polvo por cada 30 ml de agua.<\/li>\r\n \t<li>Agitar hasta obtener una mezcla homog\u00e9nea.<\/li>\r\n \t<li>Servir antes de una hora tras su preparaci\u00f3n.<\/li>\r\n \t<li>Una vez reconstituida, conservar refrigerada.<\/li>\r\n \t<li>Agitar antes de usar.<\/li>\r\n<\/ol>"},{"title":"Perros y roedores","description":"El n\u00famero de tomas al d\u00eda y la cantidad diaria de leche maternizada var\u00edan en funci\u00f3n de la edad y del peso de cada cr\u00eda* Tabla orientativa del volumen de leche necesario para un buen desarrollo de la cr\u00eda:\r\n\r\n<img src=\"https:\/\/pharmadiet.com\/wp-content\/uploads\/2023\/11\/image_2023-11-24_120731731-1024x309.png\" \/>"}],"image_banner_scientific_study_copiar":"","title_banner_scientific_study":"","description_banner_scientific_study":"","Scientific_study_banner":"","studies":null,"bibliografy_text":"","features":[{"image":1262,"title":"Sin prote\u00ednas de pollo"},{"image":1225,"title":"Contiene Biber\u00f3n con 3 tetinas"},{"image":1267,"title":"Sin conservantes"}],"ficha_tecnica":3669},"_links":{"self":[{"href":"https:\/\/pharmadiet.com\/es\/wp-json\/wp\/v2\/product\/3667","targetHints":{"allow":["GET"]}}],"collection":[{"href":"https:\/\/pharmadiet.com\/es\/wp-json\/wp\/v2\/product"}],"about":[{"href":"https:\/\/pharmadiet.com\/es\/wp-json\/wp\/v2\/types\/product"}],"replies":[{"embeddable":true,"href":"https:\/\/pharmadiet.com\/es\/wp-json\/wp\/v2\/comments?post=3667"}],"version-history":[{"count":7,"href":"https:\/\/pharmadiet.com\/es\/wp-json\/wp\/v2\/product\/3667\/revisions"}],"predecessor-version":[{"id":5606,"href":"https:\/\/pharmadiet.com\/es\/wp-json\/wp\/v2\/product\/3667\/revisions\/5606"}],"wp:featuredmedia":[{"embeddable":true,"href":"https:\/\/pharmadiet.com\/es\/wp-json\/wp\/v2\/media\/3668"}],"wp:attachment":[{"href":"https:\/\/pharmadiet.com\/es\/wp-json\/wp\/v2\/media?parent=3667"}],"wp:term":[{"taxonomy":"animal","embeddable":true,"href":"https:\/\/pharmadiet.com\/es\/wp-json\/wp\/v2\/animal?post=3667"},{"taxonomy":"product_brand","embeddable":true,"href":"https:\/\/pharmadiet.com\/es\/wp-json\/wp\/v2\/product_brand?post=3667"},{"taxonomy":"product_cat","embeddable":true,"href":"https:\/\/pharmadiet.com\/es\/wp-json\/wp\/v2\/product_cat?post=3667"},{"taxonomy":"product_tag","embeddable":true,"href":"https:\/\/pharmadiet.com\/es\/wp-json\/wp\/v2\/product_tag?post=3667"}],"curies":[{"name":"wp","href":"https:\/\/api.w.org\/{rel}","templated":true}]}}