{"id":3643,"date":"2025-07-31T16:49:17","date_gmt":"2025-07-31T14:49:17","guid":{"rendered":"https:\/\/beta.pharmadiet.com\/?post_type=product&#038;p=3643"},"modified":"2025-11-21T10:39:12","modified_gmt":"2025-11-21T09:39:12","slug":"ircvet-gel","status":"publish","type":"product","link":"https:\/\/pharmadiet.com\/cl\/productos\/ircvet-gel\/","title":{"rendered":"Ircvet\u00ae Gel"},"content":{"rendered":"<div class=\"bde-rich-text-130-110 bde-rich-text bde-wooproductexcerpt breakdance-woocommerce breakdance-rich-text-styles\">\n<p>Ircvet\u00ae Gel ayuda al funcionamiento normal del sistema renal en gatos, perros, hurones y roedores.<\/p>\n<ul>\n<li>Nueva f\u00f3rmula.<\/li>\n<li>Modos de empleo adecuados al peso de la mascota<\/li>\n<li>Presentaciones en gel con jeringa dosificadora<\/li>\n<\/ul>\n<\/div>\n","protected":false},"excerpt":{"rendered":"<p>Alimento complementario en formato gel a base de nutrientes que ayudan al funcionamiento normal del sistema renal en gatos, perros, hurones y roedores.<\/p>\n<p>&nbsp;<\/p>\n","protected":false},"featured_media":3645,"comment_status":"open","ping_status":"closed","template":"","meta":{"_acf_changed":false,"site-sidebar-layout":"default","site-content-layout":"","ast-site-content-layout":"default","site-content-style":"default","site-sidebar-style":"default","ast-global-header-display":"","ast-banner-title-visibility":"","ast-main-header-display":"","ast-hfb-above-header-display":"","ast-hfb-below-header-display":"","ast-hfb-mobile-header-display":"","site-post-title":"","ast-breadcrumbs-content":"","ast-featured-img":"","footer-sml-layout":"","theme-transparent-header-meta":"default","adv-header-id-meta":"","stick-header-meta":"","header-above-stick-meta":"","header-main-stick-meta":"","header-below-stick-meta":"","astra-migrate-meta-layouts":"set","ast-page-background-enabled":"default","ast-page-background-meta":{"desktop":{"background-color":"var(--ast-global-color-5)","background-image":"","background-repeat":"repeat","background-position":"center center","background-size":"auto","background-attachment":"scroll","background-type":"","background-media":"","overlay-type":"","overlay-color":"","overlay-opacity":"","overlay-gradient":""},"tablet":{"background-color":"","background-image":"","background-repeat":"repeat","background-position":"center center","background-size":"auto","background-attachment":"scroll","background-type":"","background-media":"","overlay-type":"","overlay-color":"","overlay-opacity":"","overlay-gradient":""},"mobile":{"background-color":"","background-image":"","background-repeat":"repeat","background-position":"center center","background-size":"auto","background-attachment":"scroll","background-type":"","background-media":"","overlay-type":"","overlay-color":"","overlay-opacity":"","overlay-gradient":""}},"ast-content-background-meta":{"desktop":{"background-color":"var(--ast-global-color-4)","background-image":"","background-repeat":"repeat","background-position":"center center","background-size":"auto","background-attachment":"scroll","background-type":"","background-media":"","overlay-type":"","overlay-color":"","overlay-opacity":"","overlay-gradient":""},"tablet":{"background-color":"var(--ast-global-color-4)","background-image":"","background-repeat":"repeat","background-position":"center center","background-size":"auto","background-attachment":"scroll","background-type":"","background-media":"","overlay-type":"","overlay-color":"","overlay-opacity":"","overlay-gradient":""},"mobile":{"background-color":"var(--ast-global-color-4)","background-image":"","background-repeat":"repeat","background-position":"center center","background-size":"auto","background-attachment":"scroll","background-type":"","background-media":"","overlay-type":"","overlay-color":"","overlay-opacity":"","overlay-gradient":""}}},"animal":[117,118,119,120],"product_brand":[],"product_cat":[27],"product_tag":[279],"class_list":{"0":"post-3643","1":"product","2":"type-product","3":"status-publish","4":"has-post-thumbnail","6":"animal-gatos","7":"animal-hurones","8":"animal-perros","9":"animal-reptiles","10":"product_cat-suplementos-rinones-animales","11":"product_tag-plantillac","12":"desktop-align-left","13":"tablet-align-left","14":"mobile-align-left","16":"first","17":"instock","18":"shipping-taxable","19":"product-type-simple"},"acf":{"title_indications":"","description_indication":"","items_indication":[{"imagen":3647,"title":"Problemas renales en gatos y perros: nefropat\u00eda cr\u00f3nica","description":"<ul>\r\n \t<li>Los\u00a0<strong>ri\u00f1ones<\/strong>\u00a0desempe\u00f1an un papel crucial en la eliminaci\u00f3n de sustancias de desecho del cuerpo y en el equilibrio de agua y electrolitos. Cuando los ri\u00f1ones no funcionan correctamente debido a una\u00a0<strong>insuficiencia renal cr\u00f3nica,<\/strong>\u00a0puede llevar a problemas como aumento de la sed y la micci\u00f3n, falta de apetito, debilidad y otros s\u00edntomas.Las\u00a0<strong>nefropat\u00edas cr\u00f3nicas\u00a0<\/strong>son enfermedades renales de larga duraci\u00f3n y progresivas que son bastante comunes en peque\u00f1os animales con insuficiencia renal o posibilidad de fallo renal. Estas afecciones pueden desarrollarse lentamente con el tiempo y a medida que avanzan, pueden afectar gravemente la funci\u00f3n renal y la salud general de la mascota.<\/li>\r\n<\/ul>"},{"imagen":3648,"title":"","description":"Esta enfermedad renal cr\u00f3nica en gatos y perros de avanzada edad es especialmente preocupante, ya que constituyen una de sus principales causas de mortalidad.\r\n\r\nLa\u00a0<strong>detecci\u00f3n temprana de una nefropat\u00eda cr\u00f3nica en<\/strong>\u00a0animales peque\u00f1os es fundamental para un manejo eficaz y hacer que no afecte demasiado a su calidad de vida. Los veterinarios suelen utilizar an\u00e1lisis de sangre y orina para evaluar la funci\u00f3n renal y diagnosticar la enfermedad en sus etapas iniciales. Una vez diagnosticada, el tratamiento puede incluir cambios en la dieta, aumentar la ingesta de agua, medicamentos para controlar los s\u00edntomas y un monitoreo regular para evaluar la progresi\u00f3n de la enfermedad."}],"title_beneficios":"En qu\u00e9 ayuda IRCVET","description_benefits":"Alimento complementario para mascotas con nutrientes que ayudan en:\r\n\r\n&nbsp;","items_benefits":[{"imagen":1238,"title":"Mantener un funcionamiento normal del sistema renal:","description":"Los nutrientes de IRCVET perros y gatos ayudan a preservar la integridad y funci\u00f3n celular como las renales,\r\n\r\n&nbsp;"},{"imagen":1240,"title":"Mantener una vida activa:","description":"Contribuye a mejorar la calidad de vida de las mascotas con afecciones renales, permiti\u00e9ndoles sentirse m\u00e1s c\u00f3modas y en\u00e9rgicas.\r\n\r\n&nbsp;"},{"imagen":1236,"title":"Contribuir a la protecci\u00f3n de las c\u00e9lulas: contribuye","description":"Contribuye a la protecci\u00f3n de las c\u00e9lulas de los ri\u00f1ones.\r\n\r\n&nbsp;"}],"items_presentaciones":[{"title":"IRCVET\u00ae Gel","description":"Estuche con envase de 50 ml con jeringa dosificadora y prospecto.","imagen":3644}],"description_ingredients":"","items_ingredients":[{"title":"Acetato de calcio y carbonato de calcio","description":"Nutrientes que por su actividad quelante de f\u00f3sforo ayudan a reducir la cantidad de f\u00f3sforo en la dieta alimentaria de animales.\r\n\r\n&nbsp;"},{"title":"Hojas de Vitis Vinifera","description":"Por su aporte en Resveratrol, polifenol que se encuentra en muchos alimentos, especialmente en la uva. Conocido por sus propiedades antioxidantes.\r\n\r\n&nbsp;"},{"title":"Potasio","description":"Elemento que contribuye al mantenimiento de la tensi\u00f3n arterial normal.\r\n\r\n&nbsp;"},{"title":"Extracto de alcachofa","description":"Aporta Cinarina. Conocida por sus propiedades hepaprotectoras .\r\n\r\n&nbsp;"},{"title":"Aceite de Salmon (\u00c1cidos grasos poliinsaturados Omega 3)","description":"Al ser rico en Omega 3 conocido por contribuir al mantenimiento de la funci\u00f3n renal normal.\r\n\r\n&nbsp;"},{"title":"Taurina","description":"Conocido por ser un amino acido esencial especialmente en gatos, puede contribuir al funcionamiento correcto del sistema metab\u00f3lico del animal.\r\n\r\n&nbsp;"},{"title":"\u00c1cido f\u00f3lico y vitaminas B6 y B12\r\n\r\n&nbsp;","description":"Contribuyen al funcionamiento normal del sistema inmunitario. Y a disminuir el cansancio y la fatiga.\r\n\r\n&nbsp;"}],"video":"","items_Instructions_for_use":[{"title":"Generales","description":"V\u00eda oral\r\n\r\nAgitar antes de usar.\r\n\r\nMezclar con el alimento habitual.\r\n\r\nLos animales deber\u00e1n tener acceso permanente al agua.\r\n\r\nSe recomienda hacer seguimiento a los 6 meses de uso."},{"title":"Perros","description":"<strong>Por cada 5 kg de peso corporal:<\/strong>\u00a0Tomar 1 ml al d\u00eda.\r\n<strong>A partir de 35 kg de peso corporal:<\/strong>\u00a08 ml al d\u00eda."},{"title":"Gatos","description":"<strong>Hasta 5 kg de peso corporal:\u00a0<\/strong>1 ml al d\u00eda.\r\n\r\n<strong>A partir de 5 kg de peso corporal:\u00a0<\/strong>2 ml al d\u00eda."},{"title":"Hurones","description":"0.2 ml\/kg de peso corporal al d\u00eda."},{"title":"Roedores","description":"0.2 ml\/kg de peso corporal al d\u00eda."}],"image_banner_scientific_study_copiar":"","title_banner_scientific_study":"","description_banner_scientific_study":"","Scientific_study_banner":"","studies":null,"bibliografy_text":"","features":[{"image":1212,"title":"Nueva f\u00f3rmula"},{"image":1262,"title":"Sin prote\u00ednas de pollo"},{"image":1267,"title":"Sin colorantes"},{"image":1218,"title":"Agitar antes de usar"}],"ficha_tecnica":3646},"_links":{"self":[{"href":"https:\/\/pharmadiet.com\/cl\/wp-json\/wp\/v2\/product\/3643","targetHints":{"allow":["GET"]}}],"collection":[{"href":"https:\/\/pharmadiet.com\/cl\/wp-json\/wp\/v2\/product"}],"about":[{"href":"https:\/\/pharmadiet.com\/cl\/wp-json\/wp\/v2\/types\/product"}],"replies":[{"embeddable":true,"href":"https:\/\/pharmadiet.com\/cl\/wp-json\/wp\/v2\/comments?post=3643"}],"version-history":[{"count":9,"href":"https:\/\/pharmadiet.com\/cl\/wp-json\/wp\/v2\/product\/3643\/revisions"}],"predecessor-version":[{"id":5060,"href":"https:\/\/pharmadiet.com\/cl\/wp-json\/wp\/v2\/product\/3643\/revisions\/5060"}],"wp:featuredmedia":[{"embeddable":true,"href":"https:\/\/pharmadiet.com\/cl\/wp-json\/wp\/v2\/media\/3645"}],"wp:attachment":[{"href":"https:\/\/pharmadiet.com\/cl\/wp-json\/wp\/v2\/media?parent=3643"}],"wp:term":[{"taxonomy":"animal","embeddable":true,"href":"https:\/\/pharmadiet.com\/cl\/wp-json\/wp\/v2\/animal?post=3643"},{"taxonomy":"product_brand","embeddable":true,"href":"https:\/\/pharmadiet.com\/cl\/wp-json\/wp\/v2\/product_brand?post=3643"},{"taxonomy":"product_cat","embeddable":true,"href":"https:\/\/pharmadiet.com\/cl\/wp-json\/wp\/v2\/product_cat?post=3643"},{"taxonomy":"product_tag","embeddable":true,"href":"https:\/\/pharmadiet.com\/cl\/wp-json\/wp\/v2\/product_tag?post=3643"}],"curies":[{"name":"wp","href":"https:\/\/api.w.org\/{rel}","templated":true}]}}