{"id":3591,"date":"2025-07-31T13:47:32","date_gmt":"2025-07-31T11:47:32","guid":{"rendered":"https:\/\/beta.pharmadiet.com\/?post_type=product&#038;p=3591"},"modified":"2025-11-21T10:04:45","modified_gmt":"2025-11-21T09:04:45","slug":"hepatosil-plus-grandes","status":"publish","type":"product","link":"https:\/\/pharmadiet.com\/cl\/productos\/hepatosil-plus-grandes\/","title":{"rendered":"Hepatosil PLUS\u00ae Razas grandes"},"content":{"rendered":"<p>Alimento complementario que aporta nutrientes que contribuyen al mantenimiento de la funci\u00f3n interna. Para razas de perros grandes.<\/p>\n<ul>\n<li>Nueva f\u00f3rmula.<\/li>\n<\/ul>\n","protected":false},"excerpt":{"rendered":"<p><strong>Nueva f\u00f3rmula.<\/strong><\/p>\n<p>Alimento complementario que aporta nutrientes que contribuyen al mantenimiento de la funci\u00f3n interna. Para razas de perros grandes.<\/p>\n","protected":false},"featured_media":3592,"comment_status":"open","ping_status":"closed","template":"","meta":{"_acf_changed":false,"site-sidebar-layout":"default","site-content-layout":"","ast-site-content-layout":"default","site-content-style":"default","site-sidebar-style":"default","ast-global-header-display":"","ast-banner-title-visibility":"","ast-main-header-display":"","ast-hfb-above-header-display":"","ast-hfb-below-header-display":"","ast-hfb-mobile-header-display":"","site-post-title":"","ast-breadcrumbs-content":"","ast-featured-img":"","footer-sml-layout":"","theme-transparent-header-meta":"default","adv-header-id-meta":"","stick-header-meta":"","header-above-stick-meta":"","header-main-stick-meta":"","header-below-stick-meta":"","astra-migrate-meta-layouts":"set","ast-page-background-enabled":"default","ast-page-background-meta":{"desktop":{"background-color":"var(--ast-global-color-5)","background-image":"","background-repeat":"repeat","background-position":"center center","background-size":"auto","background-attachment":"scroll","background-type":"","background-media":"","overlay-type":"","overlay-color":"","overlay-opacity":"","overlay-gradient":""},"tablet":{"background-color":"","background-image":"","background-repeat":"repeat","background-position":"center center","background-size":"auto","background-attachment":"scroll","background-type":"","background-media":"","overlay-type":"","overlay-color":"","overlay-opacity":"","overlay-gradient":""},"mobile":{"background-color":"","background-image":"","background-repeat":"repeat","background-position":"center center","background-size":"auto","background-attachment":"scroll","background-type":"","background-media":"","overlay-type":"","overlay-color":"","overlay-opacity":"","overlay-gradient":""}},"ast-content-background-meta":{"desktop":{"background-color":"var(--ast-global-color-4)","background-image":"","background-repeat":"repeat","background-position":"center center","background-size":"auto","background-attachment":"scroll","background-type":"","background-media":"","overlay-type":"","overlay-color":"","overlay-opacity":"","overlay-gradient":""},"tablet":{"background-color":"var(--ast-global-color-4)","background-image":"","background-repeat":"repeat","background-position":"center center","background-size":"auto","background-attachment":"scroll","background-type":"","background-media":"","overlay-type":"","overlay-color":"","overlay-opacity":"","overlay-gradient":""},"mobile":{"background-color":"var(--ast-global-color-4)","background-image":"","background-repeat":"repeat","background-position":"center center","background-size":"auto","background-attachment":"scroll","background-type":"","background-media":"","overlay-type":"","overlay-color":"","overlay-opacity":"","overlay-gradient":""}}},"animal":[119],"product_brand":[],"product_cat":[26],"product_tag":[279],"class_list":{"0":"post-3591","1":"product","2":"type-product","3":"status-publish","4":"has-post-thumbnail","6":"animal-perros","7":"product_cat-suplementos-salud-interna-animales","8":"product_tag-plantillac","9":"desktop-align-left","10":"tablet-align-left","11":"mobile-align-left","13":"first","14":"instock","15":"shipping-taxable","16":"product-type-simple"},"acf":{"title_indications":"Hepatitis en Perros: Un Desaf\u00edo para la Salud Hep\u00e1tica Canina","description_indication":"La hepatitis, una inflamaci\u00f3n del h\u00edgado, puede afectar a los perros sin importar su edad o raza. Este \u00f3rgano vital realiza m\u00faltiples funciones esenciales, incluyendo la eliminaci\u00f3n de toxinas, la s\u00edntesis de prote\u00ednas, la producci\u00f3n de bilis y la absorci\u00f3n de nutrientes, poniendo en riesgo el bienestar del animal.","items_indication":[{"imagen":3594,"title":"Tipos de Hepatitis Canina","description":"<strong>Hepatitis Com\u00fan:\u00a0<\/strong>Esta forma de hepatitis a menudo se desencadena por la ingesti\u00f3n de sustancias t\u00f3xicas o medicamentos que pueden tener efectos secundarios da\u00f1inos para el h\u00edgado.\r\n\r\n<strong>\u00a0<\/strong><strong>Hepatitis Autoinmune:\u00a0<\/strong>En este caso, la hepatitis es causada por una reacci\u00f3n del sistema inmunol\u00f3gico del perro contra sus propias c\u00e9lulas hep\u00e1ticas, lo que puede resultar en da\u00f1os graves al h\u00edgado.\r\n\r\n<strong>\u00a0<\/strong><strong>Hepatitis Infecciosa:\u00a0<\/strong>Originada por el adenovirus CAV-1, esta forma de hepatitis es altamente contagiosa. Se transmite, a trav\u00e9s de secreciones nasales y saliva o por ingesti\u00f3n de alimentos o aguas contaminadas por heces u orina procedente de animales infectados.\r\n\r\n<strong>\u00a0<\/strong><strong>S\u00edntomas de la Hepatitis en Perros:<\/strong>\r\n\r\n<strong>\u00a0<\/strong>Los s\u00edntomas de la hepatitis canina pueden variar, pero generalmente incluyen:\r\n<ul>\r\n \t<li>P\u00e9rdida de apetito<\/li>\r\n \t<li>Letargo<\/li>\r\n \t<li>V\u00f3mitos<\/li>\r\n \t<li>Ictericia (coloraci\u00f3n amarillenta de las mucosas y la piel)<\/li>\r\n \t<li>Dolor abdominal<\/li>\r\n \t<li>Aumento de la sed y la micci\u00f3n<\/li>\r\n \t<li>Problemas gastrointestinales como diarrea<\/li>\r\n<\/ul>"},{"imagen":5339,"title":"Importancia de la Prevenci\u00f3n y el Tratamiento","description":"Dado que la hepatitis puede poner en peligro la vida de tu perro, la prevenci\u00f3n y el tratamiento adecuados son cruciales. Mant\u00e9n a tu mascota alejada de sustancias t\u00f3xicas y aseg\u00farate de que est\u00e9 al d\u00eda con sus vacunas para prevenir la hepatitis infecciosa. Si sospechas que tu perro podr\u00eda tener hepatitis, busca atenci\u00f3n veterinaria de inmediato. Cuanto antes se diagnostique y se trate, mayores ser\u00e1n las posibilidades de recuperaci\u00f3n y una vida saludable para tu compa\u00f1ero canino.\r\n\r\nLa hepatitis en perros es un desaf\u00edo de salud seria, pero con atenci\u00f3n, prevenci\u00f3n y cuidados adecuados, puedes ayudar a proteger la salud hep\u00e1tica de tu amado amigo de cuatro patas."}],"title_beneficios":"En qu\u00e9 ayuda Hepatosil Plus razas grandes:","description_benefits":"<span style=\"font-size: 16px;\">Este alimento \u00a0complementario para perros, senior o de cualquier edad:<\/span>","items_benefits":[{"imagen":1238,"title":"Ayuda a la funci\u00f3n interna normal:","description":"El\u00a0<strong>alimento\u00a0<\/strong><strong>complementario\u00a0<\/strong>Hepatosil Plus aporta nutrientes con conocida acci\u00f3n antioxidante, que ayudan a preservar la integridad y la funcionalidad del organismo."},{"imagen":1239,"title":"Apoya a la s\u00edntesis de nutrientes:","description":"Nutrientes como el cinc y el \u00e1cido f\u00f3lico ayudan en la s\u00edntesis de prote\u00ednas y amino\u00e1cidos, contribuyendo a que el organismo \u00a0asimile mejor los minerales y nutrientes."},{"imagen":1249,"title":"Apoya en la eliminaci\u00f3n de toxinas","description":"El h\u00edgado es crucial para desintoxicar el organismo. Los nutrientes del pienso complementario Hepatosil Plus ayudan en la eliminaci\u00f3n de \u00a0toxinas,y a la funci\u00f3n interna normal."}],"items_presentaciones":[{"title":"Hepatosil Plus\u00ae Razas Grandes","description":"Envase con 30 comprimidos y prospecto.","imagen":3592}],"description_ingredients":"","items_ingredients":[{"title":"Levadura de cerveza (Saccharomyces cerevisae)","description":"<span style=\"font-size: 16px;\">Fuente de nutrientes con propiedades antioxidantes.<\/span>"},{"title":"Vitaminas B1 y B12","description":"Contribuyen al metabolismo energ\u00e9tico normal"},{"title":"Semilla de cardo mariano","description":"Por su aporte en silibina, conocido por su actividad hepatoprotectora contribuye a la funci\u00f3n hep\u00e1tica normal."},{"title":"Zinc","description":"Contribuye a la protecci\u00f3n de las c\u00e9lulas frente al da\u00f1o oxidativo, a la s\u00edntesis prote\u00ednica normal, al metabolismo normal de los \u00e1cidos grasos, de los hidratos de carbono, de los macronutrientes y al funcionamiento normal del sistema inmunitario."},{"title":"Vitamina E","description":"Junto con el selenio contribuye a la protecci\u00f3n de las c\u00e9lulas frente al da\u00f1o oxidativo."},{"title":"\u00c1cido f\u00f3lico","description":"Contribuye a la s\u00edntesis normal de amino\u00e1cidos, al funcionamiento normal del sistema inmunitario. Ayuda a disminuir el cansancio y la fatiga. Contribuye al proceso de divisi\u00f3n celular."},{"title":"Selenio","description":"Contribuye al funcionamiento normal del sistema inmunitario y junto con la Vitamina E contribuye a la protecci\u00f3n de las c\u00e9lulas frente al da\u00f1o oxidativo."}],"video":"","items_Instructions_for_use":[{"title":"\u00bfCu\u00e1les son sus instrucciones de uso?","description":"V\u00eda oral\r\n\r\nSe recomienda mezclarlo con el alimento habitual.\r\n\r\nLos animales deber\u00e1n tener acceso permanente al agua.\r\n\r\nSe recomienda hacer seguimiento a los 6 meses de uso."},{"title":"Perros","description":"<ul>\r\n \t<li><strong>A partir de 20 kg hasta 30 kg de peso corporal:\u00a0<\/strong>1 comprimido al d\u00eda.<\/li>\r\n \t<li><strong>De 30 hasta 35 kg de peso corporal:\u00a0<\/strong>1 y \u00bd comprimidos al d\u00eda.<\/li>\r\n \t<li><strong>De 35 kg hasta 40 kg de peso corporal:\u00a0<\/strong>2 comprimidos al d\u00eda.<\/li>\r\n \t<li><strong>A partir de 40 kg de peso corporal:\u00a0<\/strong>2 y \u00bd comprimidos al d\u00eda.<\/li>\r\n<\/ul>"}],"image_banner_scientific_study_copiar":"","title_banner_scientific_study":"","description_banner_scientific_study":"","Scientific_study_banner":"","studies":null,"bibliografy_text":"1. . Swanson KS et al. Supplemental frucooligosaccharides and mannanoligosaccharides influence immune fuction, illeal and total tract nutrient digestibilities, micrbial populations and concentrations of protein catabolites in the large bowel of dogs. J Nutr (2002); 132 (5):980-989.\r\n2. Swanson KS et al. effects of supplemental frucooligosaccharides and mannanoligosaccharides on colonic microbial populations, immune function and fecal odor components in the canine. J Nutr (2002); 132:1717S-1719S\r\n3. Halas V et al. Mannanoligosaccharides in nursery pig nutrition and their potential mode of action. Animals (2012): 2:261-274\r\n4. Benyacoub J et al. Supplementatio of food with Enterococcus faecium (SF68) stimulates immune function in young dogs. J Nutr. (2003). 133 (4), 1158.\r\n5. Lappin M.R et al. Pilot study to evaluate the effect of oral supplementation of Enterococcus faecium SF 68 on cats with latent feline herpesvirus1. J Feline Med Surg. 11,650 (2009).\r\n6. Canani RB et al. Mechanisms of action of zinc in acute diarrhea. Curr Opin Gastroenterol (2011); 27 (1): 8-12.\r\n7. Skrovanek S et al. Zinc and gastrointestinal disease. World J Gastrointest Pathophysiol (2014) Nov; 15;5 (4):496-513.","features":[{"image":1262,"title":"Sin prote\u00ednas de pollo"},{"image":1267,"title":"Sin Conservantes"},{"image":1213,"title":"Comprimido f\u00e1cilmente divisible"}],"ficha_tecnica":3593},"_links":{"self":[{"href":"https:\/\/pharmadiet.com\/cl\/wp-json\/wp\/v2\/product\/3591","targetHints":{"allow":["GET"]}}],"collection":[{"href":"https:\/\/pharmadiet.com\/cl\/wp-json\/wp\/v2\/product"}],"about":[{"href":"https:\/\/pharmadiet.com\/cl\/wp-json\/wp\/v2\/types\/product"}],"replies":[{"embeddable":true,"href":"https:\/\/pharmadiet.com\/cl\/wp-json\/wp\/v2\/comments?post=3591"}],"version-history":[{"count":10,"href":"https:\/\/pharmadiet.com\/cl\/wp-json\/wp\/v2\/product\/3591\/revisions"}],"predecessor-version":[{"id":5659,"href":"https:\/\/pharmadiet.com\/cl\/wp-json\/wp\/v2\/product\/3591\/revisions\/5659"}],"wp:featuredmedia":[{"embeddable":true,"href":"https:\/\/pharmadiet.com\/cl\/wp-json\/wp\/v2\/media\/3592"}],"wp:attachment":[{"href":"https:\/\/pharmadiet.com\/cl\/wp-json\/wp\/v2\/media?parent=3591"}],"wp:term":[{"taxonomy":"animal","embeddable":true,"href":"https:\/\/pharmadiet.com\/cl\/wp-json\/wp\/v2\/animal?post=3591"},{"taxonomy":"product_brand","embeddable":true,"href":"https:\/\/pharmadiet.com\/cl\/wp-json\/wp\/v2\/product_brand?post=3591"},{"taxonomy":"product_cat","embeddable":true,"href":"https:\/\/pharmadiet.com\/cl\/wp-json\/wp\/v2\/product_cat?post=3591"},{"taxonomy":"product_tag","embeddable":true,"href":"https:\/\/pharmadiet.com\/cl\/wp-json\/wp\/v2\/product_tag?post=3591"}],"curies":[{"name":"wp","href":"https:\/\/api.w.org\/{rel}","templated":true}]}}